{"id":1355,"date":"2025-10-23T09:43:37","date_gmt":"2025-10-23T09:43:37","guid":{"rendered":"https:\/\/qiyanghardware.com\/?page_id=1355"},"modified":"2025-12-09T08:11:29","modified_gmt":"2025-12-09T08:11:29","slug":"shipping-policy","status":"publish","type":"page","link":"https:\/\/qiyanghardware.com\/vi\/shipping-policy\/","title":{"rendered":"Ch\u00ednh s\u00e1ch v\u1eadn chuy\u1ec3n"},"content":{"rendered":"<div data-elementor-type=\"wp-page\" data-elementor-id=\"1355\" class=\"elementor elementor-1355\" data-elementor-post-type=\"page\">\n\t\t\t\t<div class=\"elementor-element elementor-element-353e5903 e-con-full e-flex e-con e-parent\" data-id=\"353e5903\" data-element_type=\"container\" data-e-type=\"container\">\n\t\t<div class=\"elementor-element elementor-element-6a957623 e-flex e-con-boxed e-con e-child\" data-id=\"6a957623\" data-element_type=\"container\" data-e-type=\"container\" data-settings=\"{&quot;background_background&quot;:&quot;classic&quot;}\">\n\t\t\t\t\t<div class=\"e-con-inner\">\n\t\t<div class=\"elementor-element elementor-element-6170f7ec e-con-full e-flex e-con e-child\" data-id=\"6170f7ec\" data-element_type=\"container\" data-e-type=\"container\">\n\t\t\t\t<div class=\"elementor-element elementor-element-3a4e68fe elementor-widget elementor-widget-heading\" data-id=\"3a4e68fe\" data-element_type=\"widget\" data-e-type=\"widget\" data-widget_type=\"heading.default\">\n\t\t\t\t\t<h2 class=\"elementor-heading-title elementor-size-default\">Ch\u00ednh s\u00e1ch v\u1eadn chuy\u1ec3n<\/h2>\t\t\t\t<\/div>\n\t\t\t\t<\/div>\n\t\t\t\t\t<\/div>\n\t\t\t\t<\/div>\n\t\t\t\t<div class=\"elementor-element elementor-element-405d3c82 elementor-widget elementor-widget-image\" data-id=\"405d3c82\" data-element_type=\"widget\" data-e-type=\"widget\" data-widget_type=\"image.default\">\n\t\t\t\t\t\t\t\t\t\t\t\t\t\t\t<img decoding=\"async\" width=\"200\" height=\"200\" src=\"https:\/\/qiyanghardware.com\/wp-content\/uploads\/2025\/09\/shape-gardenie.png\" class=\"attachment-large size-large wp-image-36\" alt=\"\" srcset=\"https:\/\/qiyanghardware.com\/wp-content\/uploads\/2025\/09\/shape-gardenie.png.webp 200w, https:\/\/qiyanghardware.com\/wp-content\/uploads\/2025\/09\/shape-gardenie-100x100.png.webp 100w, https:\/\/qiyanghardware.com\/wp-content\/uploads\/2025\/09\/shape-gardenie-150x150.png.webp 150w\" sizes=\"(max-width: 200px) 100vw, 200px\" \/>\t\t\t\t\t\t\t\t\t\t\t\t\t\t\t<\/div>\n\t\t\t\t<\/div>\n\t\t<div class=\"elementor-element elementor-element-470e160 e-flex e-con-boxed e-con e-parent\" data-id=\"470e160\" data-element_type=\"container\" data-e-type=\"container\">\n\t\t\t\t\t<div class=\"e-con-inner\">\n\t\t\t\t<div class=\"elementor-element elementor-element-5ff81c6 elementor-widget elementor-widget-text-editor\" data-id=\"5ff81c6\" data-element_type=\"widget\" data-e-type=\"widget\" data-widget_type=\"text-editor.default\">\n\t\t\t\t\t\t\t\t\t<p>T\u1ea1i\u00a0<strong><b>C\u00f4ng ty TNHH M\u00e1y m\u00f3c L\u00e2m Nghi Huayang.<\/b><\/strong>\u00a0Ch\u00fang t\u00f4i n\u1ed7 l\u1ef1c cung c\u1ea5p s\u1ea3n ph\u1ea9m k\u1ecbp th\u1eddi v\u00e0 hi\u1ec7u qu\u1ea3 cho kh\u00e1ch h\u00e0ng. Ch\u00fang t\u00f4i v\u1eadn chuy\u1ec3n s\u1ea3n ph\u1ea9m \u0111\u1ebfn kh\u00e1ch h\u00e0ng c\u1ea3 trong n\u01b0\u1edbc v\u00e0 qu\u1ed1c t\u1ebf.<\/p><h4><strong><b>V\u1eadn chuy\u1ec3n trong n\u01b0\u1edbc:<\/b><\/strong><\/h4><p>Ch\u00fang t\u00f4i v\u1eadn chuy\u1ec3n s\u1ea3n ph\u1ea9m trong ph\u1ea1m vi Trung Qu\u1ed1c \u0111\u1ea1i l\u1ee5c th\u00f4ng qua nhi\u1ec1u h\u00e3ng v\u1eadn chuy\u1ec3n kh\u00e1c nhau, t\u00f9y thu\u1ed9c v\u00e0o s\u1ea3n ph\u1ea9m v\u00e0 v\u1ecb tr\u00ed c\u1ee7a kh\u00e1ch h\u00e0ng.<\/p><p>Ph\u00ed v\u1eadn chuy\u1ec3n trong n\u01b0\u1edbc c\u00f3 th\u1ec3 thay \u0111\u1ed5i t\u00f9y theo tr\u1ecdng l\u01b0\u1ee3ng v\u00e0 k\u00edch th\u01b0\u1edbc c\u1ee7a s\u1ea3n ph\u1ea9m c\u0169ng nh\u01b0 \u0111\u1ecba \u0111i\u1ec3m giao h\u00e0ng.<\/p><p>Th\u1eddi gian giao h\u00e0ng \u01b0\u1edbc t\u00ednh cho c\u00e1c l\u00f4 h\u00e0ng trong n\u01b0\u1edbc th\u01b0\u1eddng l\u00e0 trong v\u00f2ng 3-7 ng\u00e0y l\u00e0m vi\u1ec7c, t\u00f9y thu\u1ed9c v\u00e0o h\u00e3ng v\u1eadn chuy\u1ec3n v\u00e0 \u0111\u1ecba \u0111i\u1ec3m giao h\u00e0ng.<\/p><h4><strong><b>V\u1eadn chuy\u1ec3n qu\u1ed1c t\u1ebf:<\/b><\/strong><\/h4><p>Ch\u00fang t\u00f4i v\u1eadn chuy\u1ec3n s\u1ea3n ph\u1ea9m \u0111\u1ebfn kh\u00e1ch h\u00e0ng qu\u1ed1c t\u1ebf th\u00f4ng qua nhi\u1ec1u h\u00e3ng v\u1eadn chuy\u1ec3n kh\u00e1c nhau, t\u00f9y thu\u1ed9c v\u00e0o s\u1ea3n ph\u1ea9m v\u00e0 v\u1ecb tr\u00ed c\u1ee7a kh\u00e1ch h\u00e0ng.<\/p><p>Ph\u00ed v\u1eadn chuy\u1ec3n qu\u1ed1c t\u1ebf c\u00f3 th\u1ec3 thay \u0111\u1ed5i t\u00f9y theo tr\u1ecdng l\u01b0\u1ee3ng v\u00e0 k\u00edch th\u01b0\u1edbc c\u1ee7a s\u1ea3n ph\u1ea9m c\u0169ng nh\u01b0 \u0111\u1ecba \u0111i\u1ec3m giao h\u00e0ng.<\/p><p>Th\u1eddi gian giao h\u00e0ng \u01b0\u1edbc t\u00ednh cho c\u00e1c l\u00f4 h\u00e0ng qu\u1ed1c t\u1ebf c\u00f3 th\u1ec3 kh\u00e1c nhau t\u00f9y thu\u1ed9c v\u00e0o \u0111\u01a1n v\u1ecb v\u1eadn chuy\u1ec3n v\u00e0 \u0111\u1ecba \u0111i\u1ec3m giao h\u00e0ng. Th\u1eddi gian giao h\u00e0ng c\u00f3 th\u1ec3 b\u1ecb \u1ea3nh h\u01b0\u1edfng b\u1edfi h\u1ea3i quan v\u00e0 c\u00e1c y\u1ebfu t\u1ed1 kh\u00e1c n\u1eb1m ngo\u00e0i t\u1ea7m ki\u1ec3m so\u00e1t c\u1ee7a ch\u00fang t\u00f4i.<\/p><p>Xin l\u01b0u \u00fd r\u1eb1ng ch\u00fang t\u00f4i kh\u00f4ng ch\u1ecbu tr\u00e1ch nhi\u1ec7m cho b\u1ea5t k\u1ef3 kho\u1ea3n thu\u1ebf h\u1ea3i quan, thu\u1ebf ho\u1eb7c ph\u00ed n\u00e0o do qu\u1ed1c gia \u0111\u00edch \u00e1p d\u1ee5ng. Kh\u00e1ch h\u00e0ng ch\u1ecbu tr\u00e1ch nhi\u1ec7m chi tr\u1ea3 c\u00e1c kho\u1ea3n ph\u00ed \u0111\u00f3.<\/p><p>N\u1ebfu b\u1ea1n c\u00f3 b\u1ea5t k\u1ef3 c\u00e2u h\u1ecfi ho\u1eb7c th\u1eafc m\u1eafc n\u00e0o v\u1ec1 vi\u1ec7c v\u1eadn chuy\u1ec3n, vui l\u00f2ng li\u00ean h\u1ec7 v\u1edbi ch\u00fang t\u00f4i qua \u0111\u1ecba ch\u1ec9 email kevzhuang@gmail.com<\/p><p>\u00a0<\/p>\t\t\t\t\t\t\t\t<\/div>\n\t\t\t\t\t<\/div>\n\t\t\t\t<\/div>\n\t\t\t\t<\/div>","protected":false},"excerpt":{"rendered":"<p>Shipping policy At\u00a0Linyi Huayang Machinery Co., Ltd.\u00a0we strive to provide timely and efficient delivery of our products to our customers. We ship our products to customers both domestically and internationally. Domestic Shipping: We ship our products within mainland China via various shipping carriers, depending on the product and the location of the customer. Domestic shipping [&hellip;]<\/p>\n","protected":false},"author":1,"featured_media":0,"parent":0,"menu_order":0,"comment_status":"closed","ping_status":"closed","template":"","meta":{"footnotes":""},"class_list":["post-1355","page","type-page","status-publish","hentry"],"_links":{"self":[{"href":"https:\/\/qiyanghardware.com\/vi\/wp-json\/wp\/v2\/pages\/1355","targetHints":{"allow":["GET"]}}],"collection":[{"href":"https:\/\/qiyanghardware.com\/vi\/wp-json\/wp\/v2\/pages"}],"about":[{"href":"https:\/\/qiyanghardware.com\/vi\/wp-json\/wp\/v2\/types\/page"}],"author":[{"embeddable":true,"href":"https:\/\/qiyanghardware.com\/vi\/wp-json\/wp\/v2\/users\/1"}],"replies":[{"embeddable":true,"href":"https:\/\/qiyanghardware.com\/vi\/wp-json\/wp\/v2\/comments?post=1355"}],"version-history":[{"count":1,"href":"https:\/\/qiyanghardware.com\/vi\/wp-json\/wp\/v2\/pages\/1355\/revisions"}],"predecessor-version":[{"id":3633,"href":"https:\/\/qiyanghardware.com\/vi\/wp-json\/wp\/v2\/pages\/1355\/revisions\/3633"}],"wp:attachment":[{"href":"https:\/\/qiyanghardware.com\/vi\/wp-json\/wp\/v2\/media?parent=1355"}],"curies":[{"name":"wp","href":"https:\/\/api.w.org\/{rel}","templated":true}]}}