{"id":443,"date":"2025-10-23T13:52:26","date_gmt":"2025-10-23T13:52:26","guid":{"rendered":"https:\/\/qiyanghardware.com\/?page_id=443"},"modified":"2025-12-09T08:10:47","modified_gmt":"2025-12-09T08:10:47","slug":"refund-policy","status":"publish","type":"page","link":"https:\/\/qiyanghardware.com\/vi\/refund-policy\/","title":{"rendered":"Ch\u00ednh s\u00e1ch ho\u00e0n ti\u1ec1n"},"content":{"rendered":"<div data-elementor-type=\"wp-page\" data-elementor-id=\"443\" class=\"elementor elementor-443\" data-elementor-post-type=\"page\">\n\t\t\t\t<div class=\"elementor-element elementor-element-4b69270 e-con-full e-flex e-con e-parent\" data-id=\"4b69270\" data-element_type=\"container\" data-e-type=\"container\">\n\t\t<div class=\"elementor-element elementor-element-1eab2793 e-flex e-con-boxed e-con e-child\" data-id=\"1eab2793\" data-element_type=\"container\" data-e-type=\"container\" data-settings=\"{&quot;background_background&quot;:&quot;classic&quot;}\">\n\t\t\t\t\t<div class=\"e-con-inner\">\n\t\t<div class=\"elementor-element elementor-element-7927634b e-con-full e-flex e-con e-child\" data-id=\"7927634b\" data-element_type=\"container\" data-e-type=\"container\">\n\t\t\t\t<div class=\"elementor-element elementor-element-3e265ef6 elementor-widget elementor-widget-heading\" data-id=\"3e265ef6\" data-element_type=\"widget\" data-e-type=\"widget\" data-widget_type=\"heading.default\">\n\t\t\t\t\t<h2 class=\"elementor-heading-title elementor-size-default\">Ch\u00ednh s\u00e1ch ho\u00e0n ti\u1ec1n<\/h2>\t\t\t\t<\/div>\n\t\t\t\t<\/div>\n\t\t\t\t\t<\/div>\n\t\t\t\t<\/div>\n\t\t\t\t<div class=\"elementor-element elementor-element-5ad398e8 elementor-widget elementor-widget-image\" data-id=\"5ad398e8\" data-element_type=\"widget\" data-e-type=\"widget\" data-widget_type=\"image.default\">\n\t\t\t\t\t\t\t\t\t\t\t\t\t\t\t<img decoding=\"async\" width=\"200\" height=\"200\" src=\"https:\/\/qiyanghardware.com\/wp-content\/uploads\/2025\/09\/shape-gardenie.png\" class=\"attachment-large size-large wp-image-36\" alt=\"\" srcset=\"https:\/\/qiyanghardware.com\/wp-content\/uploads\/2025\/09\/shape-gardenie.png 200w, https:\/\/qiyanghardware.com\/wp-content\/uploads\/2025\/09\/shape-gardenie-100x100.png 100w, https:\/\/qiyanghardware.com\/wp-content\/uploads\/2025\/09\/shape-gardenie-150x150.png 150w\" sizes=\"(max-width: 200px) 100vw, 200px\" \/>\t\t\t\t\t\t\t\t\t\t\t\t\t\t\t<\/div>\n\t\t\t\t<\/div>\n\t\t<div class=\"elementor-element elementor-element-08de294 e-flex e-con-boxed e-con e-parent\" data-id=\"08de294\" data-element_type=\"container\" data-e-type=\"container\">\n\t\t\t\t\t<div class=\"e-con-inner\">\n\t\t\t\t<div class=\"elementor-element elementor-element-2a91f7e elementor-widget elementor-widget-text-editor\" data-id=\"2a91f7e\" data-element_type=\"widget\" data-e-type=\"widget\" data-widget_type=\"text-editor.default\">\n\t\t\t\t\t\t\t\t\t<p>T\u1ea1i\u00a0<strong><b>C\u00f4ng ty TNHH M\u00e1y m\u00f3c L\u00e2m Nghi Huayang.<\/b><\/strong>, Ch\u00fang t\u00f4i lu\u00f4n n\u1ed7 l\u1ef1c cung c\u1ea5p s\u1ea3n ph\u1ea9m ch\u1ea5t l\u01b0\u1ee3ng cao v\u00e0 d\u1ecbch v\u1ee5 kh\u00e1ch h\u00e0ng tuy\u1ec7t v\u1eddi. Ch\u00fang t\u00f4i hi\u1ec3u r\u1eb1ng \u0111\u00f4i khi s\u1ea3n ph\u1ea9m c\u00f3 th\u1ec3 kh\u00f4ng \u0111\u00e1p \u1ee9ng \u0111\u01b0\u1ee3c k\u1ef3 v\u1ecdng c\u1ee7a b\u1ea1n. Trong tr\u01b0\u1eddng h\u1ee3p \u0111\u00f3, ch\u00fang t\u00f4i cung c\u1ea5p ch\u00ednh s\u00e1ch ho\u00e0n ti\u1ec1n cho ph\u00e9p b\u1ea1n tr\u1ea3 l\u1ea1i s\u1ea3n ph\u1ea9m trong m\u1ed9t kho\u1ea3ng th\u1eddi gian nh\u1ea5t \u0111\u1ecbnh k\u1ec3 t\u1eeb ng\u00e0y mua.<\/p><p>Xin l\u01b0u \u00fd r\u1eb1ng ch\u00fang t\u00f4i kh\u00f4ng th\u1ec3 cam k\u1ebft ho\u1eb7c \u0111\u1ea3m b\u1ea3o v\u1ec1 k\u1ebft qu\u1ea3 c\u1ee7a b\u1ea5t k\u1ef3 s\u1ea3n ph\u1ea9m n\u00e0o ch\u00fang t\u00f4i cung c\u1ea5p. Ch\u00fang t\u00f4i lu\u00f4n n\u1ed7 l\u1ef1c cung c\u1ea5p s\u1ea3n ph\u1ea9m ch\u1ea5t l\u01b0\u1ee3ng cao, nh\u01b0ng s\u1ef1 th\u00e0nh c\u00f4ng c\u1ee7a b\u1ea5t k\u1ef3 s\u1ea3n ph\u1ea9m n\u00e0o \u0111\u1ec1u ph\u1ee5 thu\u1ed9c v\u00e0o nhi\u1ec1u y\u1ebfu t\u1ed1 n\u1eb1m ngo\u00e0i t\u1ea7m ki\u1ec3m so\u00e1t c\u1ee7a ch\u00fang t\u00f4i. Do \u0111\u00f3, ch\u00fang t\u00f4i kh\u00f4ng th\u1ec3 ho\u00e0n ti\u1ec1n d\u1ef1a tr\u00ean k\u1ebft qu\u1ea3 c\u1ee7a b\u1ea5t k\u1ef3 s\u1ea3n ph\u1ea9m n\u00e0o.<\/p><h4><strong><b>Ch\u00ednh s\u00e1ch ho\u00e0n ti\u1ec1n c\u1ee7a ch\u00fang t\u00f4i nh\u01b0 sau:<\/b><\/strong><\/h4><p>N\u1ebfu b\u1ea1n kh\u00f4ng h\u00e0i l\u00f2ng v\u1edbi s\u1ea3n ph\u1ea9m, b\u1ea1n c\u00f3 th\u1ec3 \u0111\u01b0\u1ee3c tr\u1ea3 l\u1ea1i h\u00e0ng.<\/p><p>\u0110\u1ec3 b\u1eaft \u0111\u1ea7u tr\u1ea3 h\u00e0ng, vui l\u00f2ng li\u00ean h\u1ec7 v\u1edbi ch\u00fang t\u00f4i theo \u0111\u1ecba ch\u1ec9 kevzhuang@gmail.com.<\/p><p>S\u1ea3n ph\u1ea9m ph\u1ea3i c\u00f2n nguy\u00ean bao b\u00ec g\u1ed1c v\u00e0 c\u00f2n m\u1edbi \u0111\u1ec3 \u0111\u01b0\u1ee3c tr\u1ea3 l\u1ea1i.<\/p><p>Ph\u00ed v\u1eadn chuy\u1ec3n v\u00e0 x\u1eed l\u00fd kh\u00f4ng \u0111\u01b0\u1ee3c ho\u00e0n l\u1ea1i.<\/p><p>Sau khi nh\u1eadn \u0111\u01b0\u1ee3c s\u1ea3n ph\u1ea9m, ch\u00fang t\u00f4i s\u1ebd \u0111\u00e1nh gi\u00e1 v\u00e0 quy\u1ebft \u0111\u1ecbnh xem c\u00f3 n\u00ean tr\u1ea3 l\u1ea1i hay kh\u00f4ng.<\/p><p>Xin l\u01b0u \u00fd r\u1eb1ng ch\u00fang t\u00f4i c\u00f3 quy\u1ec1n t\u1eeb ch\u1ed1i tr\u1ea3 l\u1ea1i n\u1ebfu s\u1ea3n ph\u1ea9m kh\u00f4ng \u0111\u00e1p \u1ee9ng c\u00e1c ti\u00eau ch\u00ed ch\u00ednh s\u00e1ch tr\u1ea3 l\u1ea1i c\u1ee7a ch\u00fang t\u00f4i.<\/p><p>N\u1ebfu b\u1ea1n c\u00f3 b\u1ea5t k\u1ef3 c\u00e2u h\u1ecfi ho\u1eb7c th\u1eafc m\u1eafc n\u00e0o v\u1ec1 ch\u00ednh s\u00e1ch ho\u00e0n ti\u1ec1n c\u1ee7a ch\u00fang t\u00f4i, vui l\u00f2ng li\u00ean h\u1ec7 v\u1edbi ch\u00fang t\u00f4i theo \u0111\u1ecba ch\u1ec9 kevzhuang@gmail.com.<\/p><p>\u00a0<\/p>\t\t\t\t\t\t\t\t<\/div>\n\t\t\t\t\t<\/div>\n\t\t\t\t<\/div>\n\t\t\t\t<\/div>","protected":false},"excerpt":{"rendered":"<p>Refund policy At\u00a0Linyi Huayang Machinery Co., Ltd., we strive to provide high-quality products and excellent customer service. We understand that sometimes a product may not meet your expectations. In such an event, we offer a refund policy that allows you to return the product within a certain period of time from the date of purchase. [&hellip;]<\/p>\n","protected":false},"author":1,"featured_media":0,"parent":0,"menu_order":0,"comment_status":"closed","ping_status":"closed","template":"","meta":{"footnotes":""},"class_list":["post-443","page","type-page","status-publish","hentry"],"_links":{"self":[{"href":"https:\/\/qiyanghardware.com\/vi\/wp-json\/wp\/v2\/pages\/443","targetHints":{"allow":["GET"]}}],"collection":[{"href":"https:\/\/qiyanghardware.com\/vi\/wp-json\/wp\/v2\/pages"}],"about":[{"href":"https:\/\/qiyanghardware.com\/vi\/wp-json\/wp\/v2\/types\/page"}],"author":[{"embeddable":true,"href":"https:\/\/qiyanghardware.com\/vi\/wp-json\/wp\/v2\/users\/1"}],"replies":[{"embeddable":true,"href":"https:\/\/qiyanghardware.com\/vi\/wp-json\/wp\/v2\/comments?post=443"}],"version-history":[{"count":1,"href":"https:\/\/qiyanghardware.com\/vi\/wp-json\/wp\/v2\/pages\/443\/revisions"}],"predecessor-version":[{"id":3631,"href":"https:\/\/qiyanghardware.com\/vi\/wp-json\/wp\/v2\/pages\/443\/revisions\/3631"}],"wp:attachment":[{"href":"https:\/\/qiyanghardware.com\/vi\/wp-json\/wp\/v2\/media?parent=443"}],"curies":[{"name":"wp","href":"https:\/\/api.w.org\/{rel}","templated":true}]}}