{"id":1003,"date":"2025-10-21T10:07:51","date_gmt":"2025-10-21T10:07:51","guid":{"rendered":"https:\/\/qiyanghardware.com\/?post_type=product&#038;p=1003"},"modified":"2025-12-29T08:52:42","modified_gmt":"2025-12-29T08:52:42","slug":"engine-carburetor-for-blowers-qy-10601","status":"publish","type":"product","link":"https:\/\/qiyanghardware.com\/vi\/product\/engine-carburetor-for-blowers-qy-10601\/","title":{"rendered":"B\u1ed9 ch\u1ebf h\u00f2a kh\u00ed \u0111\u1ed9ng c\u01a1 cho qu\u1ea1t gi\u00f3 QY-10601"},"content":{"rendered":"<p>Matched Engine:3WF-30\/1E46FP<br \/>\n\u0110\u01b0\u1eddng k\u00ednh giao di\u1ec7n (mm): \u00d815<\/p>","protected":false},"excerpt":{"rendered":"<p>EBZ8500\/578BTF Engine Carburetor for Blowers<\/p>","protected":false},"featured_media":1004,"template":"","meta":[],"product_brand":[],"product_cat":[70,75,89,71],"product_tag":[],"class_list":{"0":"post-1003","1":"product","2":"type-product","3":"status-publish","4":"has-post-thumbnail","6":"product_cat-carburetor","7":"product_cat-hair-dryer-snow-blower","8":"product_cat-o15-mpz15-series","9":"product_cat-special-carburetor","11":"first","12":"instock","13":"shipping-taxable","14":"product-type-simple"},"_links":{"self":[{"href":"https:\/\/qiyanghardware.com\/vi\/wp-json\/wp\/v2\/product\/1003","targetHints":{"allow":["GET"]}}],"collection":[{"href":"https:\/\/qiyanghardware.com\/vi\/wp-json\/wp\/v2\/product"}],"about":[{"href":"https:\/\/qiyanghardware.com\/vi\/wp-json\/wp\/v2\/types\/product"}],"wp:featuredmedia":[{"embeddable":true,"href":"https:\/\/qiyanghardware.com\/vi\/wp-json\/wp\/v2\/media\/1004"}],"wp:attachment":[{"href":"https:\/\/qiyanghardware.com\/vi\/wp-json\/wp\/v2\/media?parent=1003"}],"wp:term":[{"taxonomy":"product_brand","embeddable":true,"href":"https:\/\/qiyanghardware.com\/vi\/wp-json\/wp\/v2\/product_brand?post=1003"},{"taxonomy":"product_cat","embeddable":true,"href":"https:\/\/qiyanghardware.com\/vi\/wp-json\/wp\/v2\/product_cat?post=1003"},{"taxonomy":"product_tag","embeddable":true,"href":"https:\/\/qiyanghardware.com\/vi\/wp-json\/wp\/v2\/product_tag?post=1003"}],"curies":[{"name":"wp","href":"https:\/\/api.w.org\/{rel}","templated":true}]}}