{"id":1038,"date":"2025-10-21T10:24:46","date_gmt":"2025-10-21T10:24:46","guid":{"rendered":"https:\/\/qiyanghardware.com\/?post_type=product&#038;p=1038"},"modified":"2025-12-29T09:02:06","modified_gmt":"2025-12-29T09:02:06","slug":"hedge-trimmer-carburetor-qy10702-1","status":"publish","type":"product","link":"https:\/\/qiyanghardware.com\/vi\/product\/hedge-trimmer-carburetor-qy10702-1\/","title":{"rendered":"B\u1ed9 ch\u1ebf h\u00f2a kh\u00ed m\u00e1y c\u1eaft t\u1ec9a h\u00e0ng r\u00e0o QY10702.1"},"content":{"rendered":"<p>\u0110\u1ed9ng c\u01a1 t\u01b0\u01a1ng th\u00edch: EB260A\/CHTZ6010\/HTZ7510\/226H<\/p>\n<p>\u0110\u01b0\u1eddng k\u00ednh giao di\u1ec7n (mm): \u00d89*\u00d89.2<\/p>\n<p>C\u00e1c th\u00f4ng s\u1ed1 kh\u00e1c\uff1aD\u00e0nh cho m\u00e1y c\u1eaft t\u1ec9a h\u00e0ng r\u00e0o<\/p>","protected":false},"excerpt":{"rendered":"<p>CHTZ6010\/HTZ7510\/226H B\u1ed9 ch\u1ebf h\u00f2a kh\u00ed Engien cho m\u00e1y c\u1eaft t\u1ec9a h\u00e0ng r\u00e0o<\/p>","protected":false},"featured_media":1041,"template":"","meta":[],"product_brand":[],"product_cat":[76,71],"product_tag":[],"class_list":{"0":"post-1038","1":"product","2":"type-product","3":"status-publish","4":"has-post-thumbnail","6":"product_cat-pruning-machine","7":"product_cat-special-carburetor","9":"first","10":"instock","11":"shipping-taxable","12":"product-type-simple"},"_links":{"self":[{"href":"https:\/\/qiyanghardware.com\/vi\/wp-json\/wp\/v2\/product\/1038","targetHints":{"allow":["GET"]}}],"collection":[{"href":"https:\/\/qiyanghardware.com\/vi\/wp-json\/wp\/v2\/product"}],"about":[{"href":"https:\/\/qiyanghardware.com\/vi\/wp-json\/wp\/v2\/types\/product"}],"wp:featuredmedia":[{"embeddable":true,"href":"https:\/\/qiyanghardware.com\/vi\/wp-json\/wp\/v2\/media\/1041"}],"wp:attachment":[{"href":"https:\/\/qiyanghardware.com\/vi\/wp-json\/wp\/v2\/media?parent=1038"}],"wp:term":[{"taxonomy":"product_brand","embeddable":true,"href":"https:\/\/qiyanghardware.com\/vi\/wp-json\/wp\/v2\/product_brand?post=1038"},{"taxonomy":"product_cat","embeddable":true,"href":"https:\/\/qiyanghardware.com\/vi\/wp-json\/wp\/v2\/product_cat?post=1038"},{"taxonomy":"product_tag","embeddable":true,"href":"https:\/\/qiyanghardware.com\/vi\/wp-json\/wp\/v2\/product_tag?post=1038"}],"curies":[{"name":"wp","href":"https:\/\/api.w.org\/{rel}","templated":true}]}}