{"id":1045,"date":"2025-10-21T10:27:18","date_gmt":"2025-10-21T10:27:18","guid":{"rendered":"https:\/\/qiyanghardware.com\/?post_type=product&#038;p=1045"},"modified":"2025-12-29T08:50:58","modified_gmt":"2025-12-29T08:50:58","slug":"weed-eater-hedge-trimmer-carburetor-qy-10703","status":"publish","type":"product","link":"https:\/\/qiyanghardware.com\/vi\/product\/weed-eater-hedge-trimmer-carburetor-qy-10703\/","title":{"rendered":"B\u1ed9 ch\u1ebf h\u00f2a kh\u00ed m\u00e1y c\u1eaft t\u1ec9a h\u00e0ng r\u00e0o Weed Eater QY-10703"},"content":{"rendered":"<p>\u0110\u1ed9ng c\u01a1 ph\u00f9 h\u1ee3p:TUE43\/1E51\/EB8500\/TJ54E<\/p>\n<p>Giao di\u1ec7n \u0110\u01b0\u1eddng k\u00ednh (mm):\u00d810.5<\/p>","protected":false},"excerpt":{"rendered":"<p>B\u1ed9 ch\u1ebf h\u00f2a kh\u00ed n\u00e0y ph\u00f9 h\u1ee3p v\u1edbi \u0111\u1ed9ng c\u01a1 TUE43\/TJ54E, c\u00f3 th\u1ec3 \u0111\u01b0\u1ee3c s\u1eed d\u1ee5ng cho M\u00e1y c\u1eaft b\u00e0n ch\u1ea3i, M\u00e1y c\u1eaft c\u1ecf.<\/p>","protected":false},"featured_media":1047,"template":"","meta":[],"product_brand":[],"product_cat":[73,76,71],"product_tag":[],"class_list":{"0":"post-1045","1":"product","2":"type-product","3":"status-publish","4":"has-post-thumbnail","6":"product_cat-diaphragm-carburetor","7":"product_cat-pruning-machine","8":"product_cat-special-carburetor","10":"first","11":"instock","12":"shipping-taxable","13":"product-type-simple"},"_links":{"self":[{"href":"https:\/\/qiyanghardware.com\/vi\/wp-json\/wp\/v2\/product\/1045","targetHints":{"allow":["GET"]}}],"collection":[{"href":"https:\/\/qiyanghardware.com\/vi\/wp-json\/wp\/v2\/product"}],"about":[{"href":"https:\/\/qiyanghardware.com\/vi\/wp-json\/wp\/v2\/types\/product"}],"wp:featuredmedia":[{"embeddable":true,"href":"https:\/\/qiyanghardware.com\/vi\/wp-json\/wp\/v2\/media\/1047"}],"wp:attachment":[{"href":"https:\/\/qiyanghardware.com\/vi\/wp-json\/wp\/v2\/media?parent=1045"}],"wp:term":[{"taxonomy":"product_brand","embeddable":true,"href":"https:\/\/qiyanghardware.com\/vi\/wp-json\/wp\/v2\/product_brand?post=1045"},{"taxonomy":"product_cat","embeddable":true,"href":"https:\/\/qiyanghardware.com\/vi\/wp-json\/wp\/v2\/product_cat?post=1045"},{"taxonomy":"product_tag","embeddable":true,"href":"https:\/\/qiyanghardware.com\/vi\/wp-json\/wp\/v2\/product_tag?post=1045"}],"curies":[{"name":"wp","href":"https:\/\/api.w.org\/{rel}","templated":true}]}}