{"id":1052,"date":"2025-10-21T10:29:51","date_gmt":"2025-10-21T10:29:51","guid":{"rendered":"https:\/\/qiyanghardware.com\/?post_type=product&#038;p=1052"},"modified":"2025-12-29T09:02:56","modified_gmt":"2025-12-29T09:02:56","slug":"carburetor-for-weedeater-blower-qy-10704","status":"publish","type":"product","link":"https:\/\/qiyanghardware.com\/vi\/product\/carburetor-for-weedeater-blower-qy-10704\/","title":{"rendered":"B\u1ed9 ch\u1ebf h\u00f2a kh\u00ed cho m\u00e1y th\u1ed5i l\u00e1 Weedeater QY-10704"},"content":{"rendered":"<p>\u0110\u1ed9ng c\u01a1 ph\u00f9 h\u1ee3p:TJ53\/TK65<\/p>\n<p>Giao di\u1ec7n \u0110\u01b0\u1eddng k\u00ednh (mm):\u00d815*\u00d810.5<\/p>","protected":false},"excerpt":{"rendered":"<p>B\u1ed9 ch\u1ebf h\u00f2a kh\u00ed n\u00e0y ph\u00f9 h\u1ee3p v\u1edbi \u0111\u1ed9ng c\u01a1 TJ53\/TK65, c\u00f3 th\u1ec3 \u0111\u01b0\u1ee3c s\u1eed d\u1ee5ng cho M\u00e1y c\u1eaft b\u00e0n ch\u1ea3i, M\u00e1y x\u00e9n c\u1ecf, M\u00e1y x\u1edbi quay, M\u00e1y khoan \u0111\u1ea5t.<\/p>","protected":false},"featured_media":1057,"template":"","meta":[],"product_brand":[],"product_cat":[75,71],"product_tag":[],"class_list":{"0":"post-1052","1":"product","2":"type-product","3":"status-publish","4":"has-post-thumbnail","6":"product_cat-hair-dryer-snow-blower","7":"product_cat-special-carburetor","9":"first","10":"instock","11":"shipping-taxable","12":"product-type-simple"},"_links":{"self":[{"href":"https:\/\/qiyanghardware.com\/vi\/wp-json\/wp\/v2\/product\/1052","targetHints":{"allow":["GET"]}}],"collection":[{"href":"https:\/\/qiyanghardware.com\/vi\/wp-json\/wp\/v2\/product"}],"about":[{"href":"https:\/\/qiyanghardware.com\/vi\/wp-json\/wp\/v2\/types\/product"}],"wp:featuredmedia":[{"embeddable":true,"href":"https:\/\/qiyanghardware.com\/vi\/wp-json\/wp\/v2\/media\/1057"}],"wp:attachment":[{"href":"https:\/\/qiyanghardware.com\/vi\/wp-json\/wp\/v2\/media?parent=1052"}],"wp:term":[{"taxonomy":"product_brand","embeddable":true,"href":"https:\/\/qiyanghardware.com\/vi\/wp-json\/wp\/v2\/product_brand?post=1052"},{"taxonomy":"product_cat","embeddable":true,"href":"https:\/\/qiyanghardware.com\/vi\/wp-json\/wp\/v2\/product_cat?post=1052"},{"taxonomy":"product_tag","embeddable":true,"href":"https:\/\/qiyanghardware.com\/vi\/wp-json\/wp\/v2\/product_tag?post=1052"}],"curies":[{"name":"wp","href":"https:\/\/api.w.org\/{rel}","templated":true}]}}