{"id":1058,"date":"2025-10-21T10:37:20","date_gmt":"2025-10-21T10:37:20","guid":{"rendered":"https:\/\/qiyanghardware.com\/?post_type=product&#038;p=1058"},"modified":"2025-12-29T08:53:21","modified_gmt":"2025-12-29T08:53:21","slug":"float-type-carburetor-qy-20101","status":"publish","type":"product","link":"https:\/\/qiyanghardware.com\/vi\/product\/float-type-carburetor-qy-20101\/","title":{"rendered":"B\u1ed9 ch\u1ebf h\u00f2a kh\u00ed ki\u1ec3u phao QY-20101"},"content":{"rendered":"<p>C\u00f4ng c\u1ee5 ph\u00f9 h\u1ee3p:Giao di\u1ec7n TD40\/40-7<\/p>\n<p>\u0110\u01b0\u1eddng k\u00ednh(mm):\u00d811<\/p>\n<p>C\u00e1c th\u00f4ng s\u1ed1 kh\u00e1c:1.L Oil-Switch 2.With Conduit<\/p>","protected":false},"excerpt":{"rendered":"<p>B\u1ed9 ch\u1ebf h\u00f2a kh\u00ed n\u00e0y ph\u00f9 h\u1ee3p v\u1edbi \u0111\u1ed9ng c\u01a1 TD40\/40-7, c\u00f3 th\u1ec3 s\u1eed d\u1ee5ng cho M\u00e1y c\u1eaft ch\u1ed5i than, M\u00e1y x\u00e9n c\u1ecf..<\/p>","protected":false},"featured_media":3527,"template":"","meta":[],"product_brand":[],"product_cat":[70,74,92],"product_tag":[],"class_list":{"0":"post-1058","1":"product","2":"type-product","3":"status-publish","4":"has-post-thumbnail","6":"product_cat-carburetor","7":"product_cat-float-carburetor","8":"product_cat-o11","10":"first","11":"instock","12":"shipping-taxable","13":"product-type-simple"},"_links":{"self":[{"href":"https:\/\/qiyanghardware.com\/vi\/wp-json\/wp\/v2\/product\/1058","targetHints":{"allow":["GET"]}}],"collection":[{"href":"https:\/\/qiyanghardware.com\/vi\/wp-json\/wp\/v2\/product"}],"about":[{"href":"https:\/\/qiyanghardware.com\/vi\/wp-json\/wp\/v2\/types\/product"}],"wp:featuredmedia":[{"embeddable":true,"href":"https:\/\/qiyanghardware.com\/vi\/wp-json\/wp\/v2\/media\/3527"}],"wp:attachment":[{"href":"https:\/\/qiyanghardware.com\/vi\/wp-json\/wp\/v2\/media?parent=1058"}],"wp:term":[{"taxonomy":"product_brand","embeddable":true,"href":"https:\/\/qiyanghardware.com\/vi\/wp-json\/wp\/v2\/product_brand?post=1058"},{"taxonomy":"product_cat","embeddable":true,"href":"https:\/\/qiyanghardware.com\/vi\/wp-json\/wp\/v2\/product_cat?post=1058"},{"taxonomy":"product_tag","embeddable":true,"href":"https:\/\/qiyanghardware.com\/vi\/wp-json\/wp\/v2\/product_tag?post=1058"}],"curies":[{"name":"wp","href":"https:\/\/api.w.org\/{rel}","templated":true}]}}