{"id":1064,"date":"2025-10-21T10:40:32","date_gmt":"2025-10-21T10:40:32","guid":{"rendered":"https:\/\/qiyanghardware.com\/?post_type=product&#038;p=1064"},"modified":"2025-12-29T08:53:27","modified_gmt":"2025-12-29T08:53:27","slug":"float-type-carburetor-system-qy-20201","status":"publish","type":"product","link":"https:\/\/qiyanghardware.com\/vi\/product\/float-type-carburetor-system-qy-20201\/","title":{"rendered":"H\u1ec7 th\u1ed1ng ch\u1ebf h\u00f2a kh\u00ed ki\u1ec3u phao QY-20201"},"content":{"rendered":"<p>\u0110\u1ed9ng c\u01a1 ph\u00f9 h\u1ee3p:1E34F\/TU26\/BG330\/TL33<br \/>\n\u0110\u01b0\u1eddng k\u00ednh giao di\u1ec7n (mm): \u00d816<br \/>\nC\u00e1c th\u00f4ng s\u1ed1 kh\u00e1c\uff1a1. C\u00f4ng t\u1eafc d\u1ea7u L 2. C\u00f3 \u1ed1ng d\u1eabn<\/p>","protected":false},"excerpt":{"rendered":"<p>B\u1ed9 ch\u1ebf h\u00f2a kh\u00ed n\u00e0y \u0111\u01b0\u1ee3c trang b\u1ecb L Oil-Switch v\u00e0 Conduit.N\u00f3 ph\u00f9 h\u1ee3p v\u1edbi \u0111\u1ed9ng c\u01a1 BG330\/TL33, c\u00f3 th\u1ec3 \u0111\u01b0\u1ee3c s\u1eed d\u1ee5ng cho Brush Cutters, Grass Trimmers, M\u00e1y b\u01a1m n\u01b0\u1edbc, Power Sprayer, Knapsack Mist Duster.<\/p>","protected":false},"featured_media":3574,"template":"","meta":[],"product_brand":[],"product_cat":[70,74,95],"product_tag":[],"class_list":{"0":"post-1064","1":"product","2":"type-product","3":"status-publish","4":"has-post-thumbnail","6":"product_cat-carburetor","7":"product_cat-float-carburetor","8":"product_cat-o16","10":"first","11":"instock","12":"shipping-taxable","13":"product-type-simple"},"_links":{"self":[{"href":"https:\/\/qiyanghardware.com\/vi\/wp-json\/wp\/v2\/product\/1064","targetHints":{"allow":["GET"]}}],"collection":[{"href":"https:\/\/qiyanghardware.com\/vi\/wp-json\/wp\/v2\/product"}],"about":[{"href":"https:\/\/qiyanghardware.com\/vi\/wp-json\/wp\/v2\/types\/product"}],"wp:featuredmedia":[{"embeddable":true,"href":"https:\/\/qiyanghardware.com\/vi\/wp-json\/wp\/v2\/media\/3574"}],"wp:attachment":[{"href":"https:\/\/qiyanghardware.com\/vi\/wp-json\/wp\/v2\/media?parent=1064"}],"wp:term":[{"taxonomy":"product_brand","embeddable":true,"href":"https:\/\/qiyanghardware.com\/vi\/wp-json\/wp\/v2\/product_brand?post=1064"},{"taxonomy":"product_cat","embeddable":true,"href":"https:\/\/qiyanghardware.com\/vi\/wp-json\/wp\/v2\/product_cat?post=1064"},{"taxonomy":"product_tag","embeddable":true,"href":"https:\/\/qiyanghardware.com\/vi\/wp-json\/wp\/v2\/product_tag?post=1064"}],"curies":[{"name":"wp","href":"https:\/\/api.w.org\/{rel}","templated":true}]}}