{"id":1092,"date":"2025-10-21T10:52:22","date_gmt":"2025-10-21T10:52:22","guid":{"rendered":"https:\/\/qiyanghardware.com\/?post_type=product&#038;p=1092"},"modified":"2025-12-29T08:53:55","modified_gmt":"2025-12-29T08:53:55","slug":"qy-20205","status":"publish","type":"product","link":"https:\/\/qiyanghardware.com\/vi\/product\/qy-20205\/","title":{"rendered":"B\u1ed9 ch\u1ebf h\u00f2a kh\u00ed \u0111\u1ed9ng c\u01a1 TL33 QY-20205"},"content":{"rendered":"<p>\u0110\u1ed9ng c\u01a1 ph\u00f9 h\u1ee3p:1E34F\/TU26\/BG330\/TL33<br \/>\n\u0110\u01b0\u1eddng k\u00ednh giao di\u1ec7n (mm): \u00d816<br \/>\nC\u00e1c th\u00f4ng s\u1ed1 kh\u00e1c\uff1a1. C\u00f4ng t\u1eafc d\u1ea7u T 2. C\u00f3 \u1ed1ng d\u1eabn 3. C\u00f3 b\u1ed9 l\u1ecdc kh\u00ed<\/p>","protected":false},"excerpt":{"rendered":"<p>B\u1ed9 ch\u1ebf h\u00f2a kh\u00ed n\u00e0y \u0111\u01b0\u1ee3c trang b\u1ecb c\u00f4ng t\u1eafc d\u1ea7u ch\u1eef T v\u00e0 \u1ed1ng d\u1eabn, t\u00edch h\u1ee3p b\u1ed9 l\u1ecdc gi\u00f3. N\u00f3 ph\u00f9 h\u1ee3p v\u1edbi \u0111\u1ed9ng c\u01a1 BG330\/TL33, c\u00f3 th\u1ec3 s\u1eed d\u1ee5ng cho m\u00e1y c\u1eaft c\u1ecf, m\u00e1y t\u1ec9a c\u1ecf, m\u00e1y b\u01a1m n\u01b0\u1edbc, m\u00e1y phun thu\u1ed1c tr\u1eeb s\u00e2u, b\u00ecnh x\u1ecbt phun s\u01b0\u01a1ng \u0111eo vai.<\/p>","protected":false},"featured_media":1095,"template":"","meta":[],"product_brand":[],"product_cat":[70,74,95],"product_tag":[],"class_list":{"0":"post-1092","1":"product","2":"type-product","3":"status-publish","4":"has-post-thumbnail","6":"product_cat-carburetor","7":"product_cat-float-carburetor","8":"product_cat-o16","10":"first","11":"instock","12":"shipping-taxable","13":"product-type-simple"},"_links":{"self":[{"href":"https:\/\/qiyanghardware.com\/vi\/wp-json\/wp\/v2\/product\/1092","targetHints":{"allow":["GET"]}}],"collection":[{"href":"https:\/\/qiyanghardware.com\/vi\/wp-json\/wp\/v2\/product"}],"about":[{"href":"https:\/\/qiyanghardware.com\/vi\/wp-json\/wp\/v2\/types\/product"}],"wp:featuredmedia":[{"embeddable":true,"href":"https:\/\/qiyanghardware.com\/vi\/wp-json\/wp\/v2\/media\/1095"}],"wp:attachment":[{"href":"https:\/\/qiyanghardware.com\/vi\/wp-json\/wp\/v2\/media?parent=1092"}],"wp:term":[{"taxonomy":"product_brand","embeddable":true,"href":"https:\/\/qiyanghardware.com\/vi\/wp-json\/wp\/v2\/product_brand?post=1092"},{"taxonomy":"product_cat","embeddable":true,"href":"https:\/\/qiyanghardware.com\/vi\/wp-json\/wp\/v2\/product_cat?post=1092"},{"taxonomy":"product_tag","embeddable":true,"href":"https:\/\/qiyanghardware.com\/vi\/wp-json\/wp\/v2\/product_tag?post=1092"}],"curies":[{"name":"wp","href":"https:\/\/api.w.org\/{rel}","templated":true}]}}