{"id":1113,"date":"2025-10-22T01:12:02","date_gmt":"2025-10-22T01:12:02","guid":{"rendered":"https:\/\/qiyanghardware.com\/?post_type=product&#038;p=1113"},"modified":"2025-12-29T08:54:22","modified_gmt":"2025-12-29T08:54:22","slug":"bg328-engine-carburetor-with-air-filter-qy-20303","status":"publish","type":"product","link":"https:\/\/qiyanghardware.com\/vi\/product\/bg328-engine-carburetor-with-air-filter-qy-20303\/","title":{"rendered":"B\u1ed9 ch\u1ebf h\u00f2a kh\u00ed \u0111\u1ed9ng c\u01a1 BG328 k\u00e8m b\u1ed9 l\u1ecdc gi\u00f3 QY-20303"},"content":{"rendered":"<p>\u0110\u1ed9ng c\u01a1 ph\u00f9 h\u1ee3p:1E34F\/1E36F\/BG328\/TU26<br \/>\n\u0110\u01b0\u1eddng k\u00ednh giao di\u1ec7n (mm): \u00d816<br \/>\nC\u00e1c th\u00f4ng s\u1ed1 kh\u00e1c\uff1a1. C\u00f4ng t\u1eafc d\u1ea7u h\u01b0\u1edbng l\u00ean tr\u00ean 2. C\u00f3 \u1ed1ng d\u1eabn<\/p>","protected":false},"excerpt":{"rendered":"<p>This carburetor is equipped with T Oil-Switch and Conduit, and integrates air filter. It is suitable for BG328 engine, can be used for Brush Cutters, Grass Trimmers<\/p>","protected":false},"featured_media":3583,"template":"","meta":[],"product_brand":[],"product_cat":[70,74,95],"product_tag":[],"class_list":{"0":"post-1113","1":"product","2":"type-product","3":"status-publish","4":"has-post-thumbnail","6":"product_cat-carburetor","7":"product_cat-float-carburetor","8":"product_cat-o16","10":"first","11":"instock","12":"shipping-taxable","13":"product-type-simple"},"_links":{"self":[{"href":"https:\/\/qiyanghardware.com\/vi\/wp-json\/wp\/v2\/product\/1113","targetHints":{"allow":["GET"]}}],"collection":[{"href":"https:\/\/qiyanghardware.com\/vi\/wp-json\/wp\/v2\/product"}],"about":[{"href":"https:\/\/qiyanghardware.com\/vi\/wp-json\/wp\/v2\/types\/product"}],"wp:featuredmedia":[{"embeddable":true,"href":"https:\/\/qiyanghardware.com\/vi\/wp-json\/wp\/v2\/media\/3583"}],"wp:attachment":[{"href":"https:\/\/qiyanghardware.com\/vi\/wp-json\/wp\/v2\/media?parent=1113"}],"wp:term":[{"taxonomy":"product_brand","embeddable":true,"href":"https:\/\/qiyanghardware.com\/vi\/wp-json\/wp\/v2\/product_brand?post=1113"},{"taxonomy":"product_cat","embeddable":true,"href":"https:\/\/qiyanghardware.com\/vi\/wp-json\/wp\/v2\/product_cat?post=1113"},{"taxonomy":"product_tag","embeddable":true,"href":"https:\/\/qiyanghardware.com\/vi\/wp-json\/wp\/v2\/product_tag?post=1113"}],"curies":[{"name":"wp","href":"https:\/\/api.w.org\/{rel}","templated":true}]}}