{"id":1120,"date":"2025-10-22T01:15:22","date_gmt":"2025-10-22T01:15:22","guid":{"rendered":"https:\/\/qiyanghardware.com\/?post_type=product&#038;p=1120"},"modified":"2025-12-29T08:55:06","modified_gmt":"2025-12-29T08:55:06","slug":"multi-purpose-bg328-engine-carburetor-qy-20304","status":"publish","type":"product","link":"https:\/\/qiyanghardware.com\/vi\/product\/multi-purpose-bg328-engine-carburetor-qy-20304\/","title":{"rendered":"B\u1ed9 ch\u1ebf h\u00f2a kh\u00ed \u0111\u1ed9ng c\u01a1 \u0111a n\u0103ng BG328 QY-20304"},"content":{"rendered":"<p>\u0110\u1ed9ng c\u01a1 ph\u00f9 h\u1ee3p:1E34F\/1E36F\/BG328\/TU26<br \/>\n\u0110\u01b0\u1eddng k\u00ednh giao di\u1ec7n (mm): \u00d816<br \/>\nC\u00e1c th\u00f4ng s\u1ed1 kh\u00e1c\uff1a1. C\u00f4ng t\u1eafc d\u1ea7u T 2. C\u00f3 \u1ed1ng d\u1eabn 3. C\u00f3 b\u1ed9 l\u1ecdc kh\u00ed<\/p>","protected":false},"excerpt":{"rendered":"<p>B\u1ed9 ch\u1ebf h\u00f2a kh\u00ed Engien BG328 d\u00e0nh cho m\u00e1y c\u1eaft c\u1ecf, m\u00e1y c\u1eaft c\u1ecf, m\u00e1y th\u1ed5i, m\u00e1y c\u1eaft t\u1ec9a h\u00e0ng r\u00e0o ch\u1ea1y x\u0103ng, m\u00e1y x\u1edbi \u0111\u1ea5t, m\u00e1y c\u1eaft c\u1ecf ch\u1ea1y x\u0103ng, m\u00e1y b\u01a1m n\u01b0\u1edbc, m\u00e1y khoan \u0111\u1ea5t, m\u00e1y phun thu\u1ed1c tr\u1eeb s\u00e2u, m\u00e1y phun thu\u1ed1c tr\u1eeb s\u00e2u \u0111eo l\u01b0ng, m\u00e1y phun thu\u1ed1c tr\u1eeb s\u00e2u n\u00f4ng nghi\u1ec7p.<\/p>","protected":false},"featured_media":1124,"template":"","meta":[],"product_brand":[],"product_cat":[70,74,95],"product_tag":[],"class_list":{"0":"post-1120","1":"product","2":"type-product","3":"status-publish","4":"has-post-thumbnail","6":"product_cat-carburetor","7":"product_cat-float-carburetor","8":"product_cat-o16","10":"first","11":"instock","12":"shipping-taxable","13":"product-type-simple"},"_links":{"self":[{"href":"https:\/\/qiyanghardware.com\/vi\/wp-json\/wp\/v2\/product\/1120","targetHints":{"allow":["GET"]}}],"collection":[{"href":"https:\/\/qiyanghardware.com\/vi\/wp-json\/wp\/v2\/product"}],"about":[{"href":"https:\/\/qiyanghardware.com\/vi\/wp-json\/wp\/v2\/types\/product"}],"wp:featuredmedia":[{"embeddable":true,"href":"https:\/\/qiyanghardware.com\/vi\/wp-json\/wp\/v2\/media\/1124"}],"wp:attachment":[{"href":"https:\/\/qiyanghardware.com\/vi\/wp-json\/wp\/v2\/media?parent=1120"}],"wp:term":[{"taxonomy":"product_brand","embeddable":true,"href":"https:\/\/qiyanghardware.com\/vi\/wp-json\/wp\/v2\/product_brand?post=1120"},{"taxonomy":"product_cat","embeddable":true,"href":"https:\/\/qiyanghardware.com\/vi\/wp-json\/wp\/v2\/product_cat?post=1120"},{"taxonomy":"product_tag","embeddable":true,"href":"https:\/\/qiyanghardware.com\/vi\/wp-json\/wp\/v2\/product_tag?post=1120"}],"curies":[{"name":"wp","href":"https:\/\/api.w.org\/{rel}","templated":true}]}}