{"id":1127,"date":"2025-10-22T01:18:12","date_gmt":"2025-10-22T01:18:12","guid":{"rendered":"https:\/\/qiyanghardware.com\/?post_type=product&#038;p=1127"},"modified":"2025-12-29T08:55:14","modified_gmt":"2025-12-29T08:55:14","slug":"carburetor-float-type-qy-20401","status":"publish","type":"product","link":"https:\/\/qiyanghardware.com\/vi\/product\/carburetor-float-type-qy-20401\/","title":{"rendered":"Phao b\u1ed9 ch\u1ebf h\u00f2a kh\u00ed lo\u1ea1i QY-20401"},"content":{"rendered":"<p>\u0110\u1ed9ng c\u01a1 ph\u00f9 h\u1ee3p: 1E36F\/CG328\/Zenoah 3410\/G35<\/p>\n<p>\u0110\u01b0\u1eddng k\u00ednh giao di\u1ec7n (mm): \u00d811<\/p>\n<p>C\u00e1c th\u00f4ng s\u1ed1 kh\u00e1c:1.T Oil-Switch Upward 2.With Conduit<\/p>","protected":false},"excerpt":{"rendered":"<p>CG328\/Zenoah 3410 B\u1ed9 ch\u1ebf h\u00f2a kh\u00ed Engien cho m\u00e1y c\u1eaft b\u00e0n ch\u1ea3i, m\u00e1y x\u00e9n c\u1ecf.<\/p>","protected":false},"featured_media":1130,"template":"","meta":[],"product_brand":[],"product_cat":[70,74,92],"product_tag":[],"class_list":{"0":"post-1127","1":"product","2":"type-product","3":"status-publish","4":"has-post-thumbnail","6":"product_cat-carburetor","7":"product_cat-float-carburetor","8":"product_cat-o11","10":"first","11":"instock","12":"shipping-taxable","13":"product-type-simple"},"_links":{"self":[{"href":"https:\/\/qiyanghardware.com\/vi\/wp-json\/wp\/v2\/product\/1127","targetHints":{"allow":["GET"]}}],"collection":[{"href":"https:\/\/qiyanghardware.com\/vi\/wp-json\/wp\/v2\/product"}],"about":[{"href":"https:\/\/qiyanghardware.com\/vi\/wp-json\/wp\/v2\/types\/product"}],"wp:featuredmedia":[{"embeddable":true,"href":"https:\/\/qiyanghardware.com\/vi\/wp-json\/wp\/v2\/media\/1130"}],"wp:attachment":[{"href":"https:\/\/qiyanghardware.com\/vi\/wp-json\/wp\/v2\/media?parent=1127"}],"wp:term":[{"taxonomy":"product_brand","embeddable":true,"href":"https:\/\/qiyanghardware.com\/vi\/wp-json\/wp\/v2\/product_brand?post=1127"},{"taxonomy":"product_cat","embeddable":true,"href":"https:\/\/qiyanghardware.com\/vi\/wp-json\/wp\/v2\/product_cat?post=1127"},{"taxonomy":"product_tag","embeddable":true,"href":"https:\/\/qiyanghardware.com\/vi\/wp-json\/wp\/v2\/product_tag?post=1127"}],"curies":[{"name":"wp","href":"https:\/\/api.w.org\/{rel}","templated":true}]}}