{"id":1134,"date":"2025-10-22T01:20:43","date_gmt":"2025-10-22T01:20:43","guid":{"rendered":"https:\/\/qiyanghardware.com\/?post_type=product&#038;p=1134"},"modified":"2025-12-29T08:55:21","modified_gmt":"2025-12-29T08:55:21","slug":"copper-inlet-carburetor-of-bg328-engine-qy-20501","status":"publish","type":"product","link":"https:\/\/qiyanghardware.com\/vi\/product\/copper-inlet-carburetor-of-bg328-engine-qy-20501\/","title":{"rendered":"B\u1ed9 ch\u1ebf h\u00f2a kh\u00ed b\u1eb1ng \u0111\u1ed3ng cho \u0111\u1ed9ng c\u01a1 BG328 QY-20501"},"content":{"rendered":"<p>\u0110\u1ed9ng c\u01a1 ph\u00f9 h\u1ee3p: 1E36F\/BG328<br \/>\n\u0110\u01b0\u1eddng k\u00ednh giao di\u1ec7n (mm): \u00d816<br \/>\nC\u00e1c th\u00f4ng s\u1ed1 kh\u00e1c\uff1a1. Kh\u00f4ng c\u00f3 c\u00f4ng t\u1eafc d\u1ea7u 2. C\u00f3 \u1ed1ng d\u1eabn<\/p>","protected":false},"excerpt":{"rendered":"<p>B\u1ed9 ch\u1ebf h\u00f2a kh\u00ed n\u00e0y t\u00edch h\u1ee3p \u0111\u1ea7u v\u00e0o nhi\u00ean li\u1ec7u b\u1eb1ng \u0111\u1ed3ng v\u00e0 \u1ed0ng d\u1eabn. n\u00f3 ph\u00f9 h\u1ee3p cho B\u1ed9 ch\u1ebf h\u00f2a kh\u00ed \u0111\u1ed9ng c\u01a1 BG328 cho M\u00e1y c\u1eaft b\u00e0n ch\u1ea3i, M\u00e1y c\u1eaft c\u1ecf.<\/p>","protected":false},"featured_media":1139,"template":"","meta":[],"product_brand":[],"product_cat":[70,74,95],"product_tag":[],"class_list":{"0":"post-1134","1":"product","2":"type-product","3":"status-publish","4":"has-post-thumbnail","6":"product_cat-carburetor","7":"product_cat-float-carburetor","8":"product_cat-o16","10":"first","11":"instock","12":"shipping-taxable","13":"product-type-simple"},"_links":{"self":[{"href":"https:\/\/qiyanghardware.com\/vi\/wp-json\/wp\/v2\/product\/1134","targetHints":{"allow":["GET"]}}],"collection":[{"href":"https:\/\/qiyanghardware.com\/vi\/wp-json\/wp\/v2\/product"}],"about":[{"href":"https:\/\/qiyanghardware.com\/vi\/wp-json\/wp\/v2\/types\/product"}],"wp:featuredmedia":[{"embeddable":true,"href":"https:\/\/qiyanghardware.com\/vi\/wp-json\/wp\/v2\/media\/1139"}],"wp:attachment":[{"href":"https:\/\/qiyanghardware.com\/vi\/wp-json\/wp\/v2\/media?parent=1134"}],"wp:term":[{"taxonomy":"product_brand","embeddable":true,"href":"https:\/\/qiyanghardware.com\/vi\/wp-json\/wp\/v2\/product_brand?post=1134"},{"taxonomy":"product_cat","embeddable":true,"href":"https:\/\/qiyanghardware.com\/vi\/wp-json\/wp\/v2\/product_cat?post=1134"},{"taxonomy":"product_tag","embeddable":true,"href":"https:\/\/qiyanghardware.com\/vi\/wp-json\/wp\/v2\/product_tag?post=1134"}],"curies":[{"name":"wp","href":"https:\/\/api.w.org\/{rel}","templated":true}]}}