{"id":1140,"date":"2025-10-22T01:23:30","date_gmt":"2025-10-22T01:23:30","guid":{"rendered":"https:\/\/qiyanghardware.com\/?post_type=product&#038;p=1140"},"modified":"2025-12-29T08:55:48","modified_gmt":"2025-12-29T08:55:48","slug":"bg328-engine-copper-conduit-carburetor-qy-20502","status":"publish","type":"product","link":"https:\/\/qiyanghardware.com\/vi\/product\/bg328-engine-copper-conduit-carburetor-qy-20502\/","title":{"rendered":"B\u1ed9 ch\u1ebf h\u00f2a kh\u00ed BG328 b\u1eb1ng \u1ed1ng d\u1eabn \u0111\u1ed3ng QY-20502"},"content":{"rendered":"<p>\u0110\u1ed9ng c\u01a1 ph\u00f9 h\u1ee3p: 1E36F\/BG328<br \/>\n\u0110\u01b0\u1eddng k\u00ednh giao di\u1ec7n (mm): \u00d816<br \/>\nC\u00e1c th\u00f4ng s\u1ed1 kh\u00e1c\uff1a 1. Kh\u00f4ng c\u00f3 c\u00f4ng t\u1eafc d\u1ea7u 2. D\u00e0nh cho \u1ed1ng khu\u1ef7u<\/p>","protected":false},"excerpt":{"rendered":"<p>This carburetor integrates a copper fuel inlet. It is suitable for BG328 Engien Carburetor for Brush Cutters, Grass Trimmers.<\/p>","protected":false},"featured_media":1143,"template":"","meta":[],"product_brand":[],"product_cat":[70,74,95],"product_tag":[],"class_list":{"0":"post-1140","1":"product","2":"type-product","3":"status-publish","4":"has-post-thumbnail","6":"product_cat-carburetor","7":"product_cat-float-carburetor","8":"product_cat-o16","10":"first","11":"instock","12":"shipping-taxable","13":"product-type-simple"},"_links":{"self":[{"href":"https:\/\/qiyanghardware.com\/vi\/wp-json\/wp\/v2\/product\/1140","targetHints":{"allow":["GET"]}}],"collection":[{"href":"https:\/\/qiyanghardware.com\/vi\/wp-json\/wp\/v2\/product"}],"about":[{"href":"https:\/\/qiyanghardware.com\/vi\/wp-json\/wp\/v2\/types\/product"}],"wp:featuredmedia":[{"embeddable":true,"href":"https:\/\/qiyanghardware.com\/vi\/wp-json\/wp\/v2\/media\/1143"}],"wp:attachment":[{"href":"https:\/\/qiyanghardware.com\/vi\/wp-json\/wp\/v2\/media?parent=1140"}],"wp:term":[{"taxonomy":"product_brand","embeddable":true,"href":"https:\/\/qiyanghardware.com\/vi\/wp-json\/wp\/v2\/product_brand?post=1140"},{"taxonomy":"product_cat","embeddable":true,"href":"https:\/\/qiyanghardware.com\/vi\/wp-json\/wp\/v2\/product_cat?post=1140"},{"taxonomy":"product_tag","embeddable":true,"href":"https:\/\/qiyanghardware.com\/vi\/wp-json\/wp\/v2\/product_tag?post=1140"}],"curies":[{"name":"wp","href":"https:\/\/api.w.org\/{rel}","templated":true}]}}