{"id":1175,"date":"2025-10-22T01:38:40","date_gmt":"2025-10-22T01:38:40","guid":{"rendered":"https:\/\/qiyanghardware.com\/?post_type=product&#038;p=1175"},"modified":"2025-12-29T08:57:18","modified_gmt":"2025-12-29T08:57:18","slug":"t200-40f-5-engine-carburetor-qy-20801","status":"publish","type":"product","link":"https:\/\/qiyanghardware.com\/vi\/product\/t200-40f-5-engine-carburetor-qy-20801\/","title":{"rendered":"B\u1ed9 ch\u1ebf h\u00f2a kh\u00ed \u0111\u1ed9ng c\u01a1 T200\/40F-5 QY-20801"},"content":{"rendered":"<p>\u0110\u1ed9ng c\u01a1 ph\u00f9 h\u1ee3p:T200\/40F-5<br \/>\n\u0110\u01b0\u1eddng k\u00ednh giao di\u1ec7n (mm): \u00d821<br \/>\nC\u00e1c th\u00f4ng s\u1ed1 kh\u00e1c\uff1a1. C\u00f4ng t\u1eafc d\u1ea7u T 2. \u0110\u1ed1i v\u1edbi \u1ed1ng khu\u1ef7u tay<\/p>","protected":false},"excerpt":{"rendered":"<p>T200\/40F-5 B\u1ed9 ch\u1ebf h\u00f2a kh\u00ed \u0111\u1ed9ng c\u01a1 cho m\u00e1y c\u1eaft b\u00e0n ch\u1ea3i, M\u00e1y x\u00e9n c\u1ecf, M\u00e1y b\u01a1m n\u01b0\u1edbc, M\u00e1y phun \u0111\u1ea5t, M\u00e1y phun \u0111i\u1ec7n, M\u00e1y h\u00fat b\u1ee5i s\u01b0\u01a1ng m\u00f9 Knapsack, M\u00e1y phun troller n\u00f4ng nghi\u1ec7p.<\/p>","protected":false},"featured_media":1176,"template":"","meta":[],"product_brand":[],"product_cat":[70,74,96],"product_tag":[],"class_list":{"0":"post-1175","1":"product","2":"type-product","3":"status-publish","4":"has-post-thumbnail","6":"product_cat-carburetor","7":"product_cat-float-carburetor","8":"product_cat-o21","10":"first","11":"instock","12":"shipping-taxable","13":"product-type-simple"},"_links":{"self":[{"href":"https:\/\/qiyanghardware.com\/vi\/wp-json\/wp\/v2\/product\/1175","targetHints":{"allow":["GET"]}}],"collection":[{"href":"https:\/\/qiyanghardware.com\/vi\/wp-json\/wp\/v2\/product"}],"about":[{"href":"https:\/\/qiyanghardware.com\/vi\/wp-json\/wp\/v2\/types\/product"}],"wp:featuredmedia":[{"embeddable":true,"href":"https:\/\/qiyanghardware.com\/vi\/wp-json\/wp\/v2\/media\/1176"}],"wp:attachment":[{"href":"https:\/\/qiyanghardware.com\/vi\/wp-json\/wp\/v2\/media?parent=1175"}],"wp:term":[{"taxonomy":"product_brand","embeddable":true,"href":"https:\/\/qiyanghardware.com\/vi\/wp-json\/wp\/v2\/product_brand?post=1175"},{"taxonomy":"product_cat","embeddable":true,"href":"https:\/\/qiyanghardware.com\/vi\/wp-json\/wp\/v2\/product_cat?post=1175"},{"taxonomy":"product_tag","embeddable":true,"href":"https:\/\/qiyanghardware.com\/vi\/wp-json\/wp\/v2\/product_tag?post=1175"}],"curies":[{"name":"wp","href":"https:\/\/api.w.org\/{rel}","templated":true}]}}