{"id":1203,"date":"2025-10-22T01:49:07","date_gmt":"2025-10-22T01:49:07","guid":{"rendered":"https:\/\/qiyanghardware.com\/?post_type=product&#038;p=1203"},"modified":"2025-12-29T08:59:36","modified_gmt":"2025-12-29T08:59:36","slug":"bg430-tl43-t-oil-switch-carburetor-with-air-filter-qy-20904","status":"publish","type":"product","link":"https:\/\/qiyanghardware.com\/vi\/product\/bg430-tl43-t-oil-switch-carburetor-with-air-filter-qy-20904\/","title":{"rendered":"B\u1ed9 ch\u1ebf h\u00f2a kh\u00ed BG430\/TL43 T-Oil Switch k\u00e8m b\u1ed9 l\u1ecdc gi\u00f3 QY-20904"},"content":{"rendered":"<p>\u0110\u1ed9ng c\u01a1 ph\u00f9 h\u1ee3p:BG430\/3WF-650\/40F-5\/TL43<br \/>\n\u0110\u01b0\u1eddng k\u00ednh giao di\u1ec7n (mm): \u00d821<br \/>\nC\u00e1c th\u00f4ng s\u1ed1 kh\u00e1c\uff1a1. C\u00f4ng t\u1eafc d\u1ea7u T 2. C\u00f3 \u1ed1ng d\u1eabn 3. C\u00f3 b\u1ed9 l\u1ecdc kh\u00ed<\/p>","protected":false},"excerpt":{"rendered":"<p>B\u1ed9 ch\u1ebf h\u00f2a kh\u00ed n\u00e0y \u0111\u01b0\u1ee3c trang b\u1ecb T Oil-Switch v\u00e0 Conduit, v\u00e0 t\u00edch h\u1ee3p b\u1ed9 l\u1ecdc kh\u00f4ng kh\u00ed.N\u00f3 ph\u00f9 h\u1ee3p v\u1edbi \u0111\u1ed9ng c\u01a1 BG430\/TL43, c\u00f3 th\u1ec3 \u0111\u01b0\u1ee3c s\u1eed d\u1ee5ng cho M\u00e1y c\u1eaft b\u00e0n ch\u1ea3i, M\u00e1y c\u1eaft c\u1ecf, M\u00e1y khoan g\u1ed7 nh.<\/p>","protected":false},"featured_media":1207,"template":"","meta":[],"product_brand":[],"product_cat":[70,74,96],"product_tag":[],"class_list":{"0":"post-1203","1":"product","2":"type-product","3":"status-publish","4":"has-post-thumbnail","6":"product_cat-carburetor","7":"product_cat-float-carburetor","8":"product_cat-o21","10":"first","11":"instock","12":"shipping-taxable","13":"product-type-simple"},"_links":{"self":[{"href":"https:\/\/qiyanghardware.com\/vi\/wp-json\/wp\/v2\/product\/1203","targetHints":{"allow":["GET"]}}],"collection":[{"href":"https:\/\/qiyanghardware.com\/vi\/wp-json\/wp\/v2\/product"}],"about":[{"href":"https:\/\/qiyanghardware.com\/vi\/wp-json\/wp\/v2\/types\/product"}],"wp:featuredmedia":[{"embeddable":true,"href":"https:\/\/qiyanghardware.com\/vi\/wp-json\/wp\/v2\/media\/1207"}],"wp:attachment":[{"href":"https:\/\/qiyanghardware.com\/vi\/wp-json\/wp\/v2\/media?parent=1203"}],"wp:term":[{"taxonomy":"product_brand","embeddable":true,"href":"https:\/\/qiyanghardware.com\/vi\/wp-json\/wp\/v2\/product_brand?post=1203"},{"taxonomy":"product_cat","embeddable":true,"href":"https:\/\/qiyanghardware.com\/vi\/wp-json\/wp\/v2\/product_cat?post=1203"},{"taxonomy":"product_tag","embeddable":true,"href":"https:\/\/qiyanghardware.com\/vi\/wp-json\/wp\/v2\/product_tag?post=1203"}],"curies":[{"name":"wp","href":"https:\/\/api.w.org\/{rel}","templated":true}]}}