{"id":1217,"date":"2025-10-22T01:54:42","date_gmt":"2025-10-22T01:54:42","guid":{"rendered":"https:\/\/qiyanghardware.com\/?post_type=product&#038;p=1217"},"modified":"2025-12-29T08:59:53","modified_gmt":"2025-12-29T08:59:53","slug":"3wf-3z-3wf-3a-engine-carburetor-qy-21001","status":"publish","type":"product","link":"https:\/\/qiyanghardware.com\/vi\/product\/3wf-3z-3wf-3a-engine-carburetor-qy-21001\/","title":{"rendered":"B\u1ed9 ch\u1ebf h\u00f2a kh\u00ed \u0111\u1ed9ng c\u01a1 3WF-3Z\/3WF-3A QY-21001"},"content":{"rendered":"<p>\u0110\u1ed9ng c\u01a1 ph\u00f9 h\u1ee3p:3WF-3Z\/3WF-3A\/40F-3Z\/3WF-2.6<br \/>\n\u0110\u01b0\u1eddng k\u00ednh giao di\u1ec7n (mm): \u00d821<br \/>\nC\u00e1c th\u00f4ng s\u1ed1 kh\u00e1c\uff1a1. C\u00f4ng t\u1eafc d\u1ea7u T 2. T\u1ed1c \u0111\u1ed9 kh\u00f4ng t\u1ea3i kh\u00f4ng th\u1ec3 \u0111i\u1ec1u ch\u1ec9nh<\/p>","protected":false},"excerpt":{"rendered":"<p>B\u1ed9 ch\u1ebf h\u00f2a kh\u00ed n\u00e0y \u0111\u01b0\u1ee3c trang b\u1ecb T Oil-Switch v\u00e0 Conduit.N\u00f3 ph\u00f9 h\u1ee3p v\u1edbi \u0111\u1ed9ng c\u01a1 3WF-3Z\/3WF-3A, c\u00f3 th\u1ec3 \u0111\u01b0\u1ee3c s\u1eed d\u1ee5ng cho Blowers, Power Sprayer, Knapsack Mist Duster, N\u00f4ng nghi\u1ec7p Troller Sprayer.<\/p>","protected":false},"featured_media":1222,"template":"","meta":[],"product_brand":[],"product_cat":[70,74,96],"product_tag":[],"class_list":{"0":"post-1217","1":"product","2":"type-product","3":"status-publish","4":"has-post-thumbnail","6":"product_cat-carburetor","7":"product_cat-float-carburetor","8":"product_cat-o21","10":"first","11":"instock","12":"shipping-taxable","13":"product-type-simple"},"_links":{"self":[{"href":"https:\/\/qiyanghardware.com\/vi\/wp-json\/wp\/v2\/product\/1217","targetHints":{"allow":["GET"]}}],"collection":[{"href":"https:\/\/qiyanghardware.com\/vi\/wp-json\/wp\/v2\/product"}],"about":[{"href":"https:\/\/qiyanghardware.com\/vi\/wp-json\/wp\/v2\/types\/product"}],"wp:featuredmedia":[{"embeddable":true,"href":"https:\/\/qiyanghardware.com\/vi\/wp-json\/wp\/v2\/media\/1222"}],"wp:attachment":[{"href":"https:\/\/qiyanghardware.com\/vi\/wp-json\/wp\/v2\/media?parent=1217"}],"wp:term":[{"taxonomy":"product_brand","embeddable":true,"href":"https:\/\/qiyanghardware.com\/vi\/wp-json\/wp\/v2\/product_brand?post=1217"},{"taxonomy":"product_cat","embeddable":true,"href":"https:\/\/qiyanghardware.com\/vi\/wp-json\/wp\/v2\/product_cat?post=1217"},{"taxonomy":"product_tag","embeddable":true,"href":"https:\/\/qiyanghardware.com\/vi\/wp-json\/wp\/v2\/product_tag?post=1217"}],"curies":[{"name":"wp","href":"https:\/\/api.w.org\/{rel}","templated":true}]}}