{"id":1238,"date":"2025-10-22T02:03:02","date_gmt":"2025-10-22T02:03:02","guid":{"rendered":"https:\/\/qiyanghardware.com\/?post_type=product&#038;p=1238"},"modified":"2025-12-29T09:00:24","modified_gmt":"2025-12-29T09:00:24","slug":"46f-engine-carburetor-qy-21101","status":"publish","type":"product","link":"https:\/\/qiyanghardware.com\/vi\/product\/46f-engine-carburetor-qy-21101\/","title":{"rendered":"B\u1ed9 ch\u1ebf h\u00f2a kh\u00ed \u0111\u1ed9ng c\u01a1 46F QY-21101"},"content":{"rendered":"<p>Matched Engine:46F<br \/>\n\u0110\u01b0\u1eddng k\u00ednh giao di\u1ec7n (mm): \u00d821<br \/>\nC\u00e1c th\u00f4ng s\u1ed1 kh\u00e1c\uff1a1. C\u00f4ng t\u1eafc d\u1ea7u T 2. T\u1ed1c \u0111\u1ed9 kh\u00f4ng t\u1ea3i kh\u00f4ng th\u1ec3 \u0111i\u1ec1u ch\u1ec9nh<\/p>","protected":false},"excerpt":{"rendered":"<p>46F Engine Carburetor for Brush Cutters, Grass Trimmers, Blowers, Petrol Hedge Trimmers, Rotary Tiller, Petrol Lawn Mower, Water Pump, Earth Auger, Power Sprayer, Knapsack Mist Duster, Agricultural Troller Sprayer.<\/p>","protected":false},"featured_media":1242,"template":"","meta":[],"product_brand":[],"product_cat":[70,74,96],"product_tag":[],"class_list":{"0":"post-1238","1":"product","2":"type-product","3":"status-publish","4":"has-post-thumbnail","6":"product_cat-carburetor","7":"product_cat-float-carburetor","8":"product_cat-o21","10":"first","11":"instock","12":"shipping-taxable","13":"product-type-simple"},"_links":{"self":[{"href":"https:\/\/qiyanghardware.com\/vi\/wp-json\/wp\/v2\/product\/1238","targetHints":{"allow":["GET"]}}],"collection":[{"href":"https:\/\/qiyanghardware.com\/vi\/wp-json\/wp\/v2\/product"}],"about":[{"href":"https:\/\/qiyanghardware.com\/vi\/wp-json\/wp\/v2\/types\/product"}],"wp:featuredmedia":[{"embeddable":true,"href":"https:\/\/qiyanghardware.com\/vi\/wp-json\/wp\/v2\/media\/1242"}],"wp:attachment":[{"href":"https:\/\/qiyanghardware.com\/vi\/wp-json\/wp\/v2\/media?parent=1238"}],"wp:term":[{"taxonomy":"product_brand","embeddable":true,"href":"https:\/\/qiyanghardware.com\/vi\/wp-json\/wp\/v2\/product_brand?post=1238"},{"taxonomy":"product_cat","embeddable":true,"href":"https:\/\/qiyanghardware.com\/vi\/wp-json\/wp\/v2\/product_cat?post=1238"},{"taxonomy":"product_tag","embeddable":true,"href":"https:\/\/qiyanghardware.com\/vi\/wp-json\/wp\/v2\/product_tag?post=1238"}],"curies":[{"name":"wp","href":"https:\/\/api.w.org\/{rel}","templated":true}]}}