{"id":1245,"date":"2025-10-22T02:05:43","date_gmt":"2025-10-22T02:05:43","guid":{"rendered":"https:\/\/qiyanghardware.com\/?post_type=product&#038;p=1245"},"modified":"2025-12-29T09:00:48","modified_gmt":"2025-12-29T09:00:48","slug":"40f-18ac-engine-carburetor-qy-21201","status":"publish","type":"product","link":"https:\/\/qiyanghardware.com\/vi\/product\/40f-18ac-engine-carburetor-qy-21201\/","title":{"rendered":"B\u1ed9 ch\u1ebf h\u00f2a kh\u00ed \u0111\u1ed9ng c\u01a1 40F-18AC QY-21201"},"content":{"rendered":"<p>Matched Engine:40F-18AC\/OLD18<br \/>\n\u0110\u01b0\u1eddng k\u00ednh giao di\u1ec7n (mm): \u00d816<\/p>","protected":false},"excerpt":{"rendered":"<p>40F-18AC Engine Carburetor for Brush Cutters, Grass Trimmers, Blowers,Power Sprayer, Knapsack Mist Duster, Agricultural Troller Sprayer.<\/p>","protected":false},"featured_media":1246,"template":"","meta":[],"product_brand":[],"product_cat":[70,74,95],"product_tag":[],"class_list":{"0":"post-1245","1":"product","2":"type-product","3":"status-publish","4":"has-post-thumbnail","6":"product_cat-carburetor","7":"product_cat-float-carburetor","8":"product_cat-o16","10":"first","11":"instock","12":"shipping-taxable","13":"product-type-simple"},"_links":{"self":[{"href":"https:\/\/qiyanghardware.com\/vi\/wp-json\/wp\/v2\/product\/1245","targetHints":{"allow":["GET"]}}],"collection":[{"href":"https:\/\/qiyanghardware.com\/vi\/wp-json\/wp\/v2\/product"}],"about":[{"href":"https:\/\/qiyanghardware.com\/vi\/wp-json\/wp\/v2\/types\/product"}],"wp:featuredmedia":[{"embeddable":true,"href":"https:\/\/qiyanghardware.com\/vi\/wp-json\/wp\/v2\/media\/1246"}],"wp:attachment":[{"href":"https:\/\/qiyanghardware.com\/vi\/wp-json\/wp\/v2\/media?parent=1245"}],"wp:term":[{"taxonomy":"product_brand","embeddable":true,"href":"https:\/\/qiyanghardware.com\/vi\/wp-json\/wp\/v2\/product_brand?post=1245"},{"taxonomy":"product_cat","embeddable":true,"href":"https:\/\/qiyanghardware.com\/vi\/wp-json\/wp\/v2\/product_cat?post=1245"},{"taxonomy":"product_tag","embeddable":true,"href":"https:\/\/qiyanghardware.com\/vi\/wp-json\/wp\/v2\/product_tag?post=1245"}],"curies":[{"name":"wp","href":"https:\/\/api.w.org\/{rel}","templated":true}]}}