{"id":1254,"date":"2025-10-22T02:13:15","date_gmt":"2025-10-22T02:13:15","guid":{"rendered":"https:\/\/qiyanghardware.com\/?post_type=product&#038;p=1254"},"modified":"2025-12-17T08:09:25","modified_gmt":"2025-12-17T08:09:25","slug":"carburetor-repair-kits-qy-70101-1","status":"publish","type":"product","link":"https:\/\/qiyanghardware.com\/vi\/product\/carburetor-repair-kits-qy-70101-1\/","title":{"rendered":"B\u1ed9 d\u1ee5ng c\u1ee5 s\u1eeda ch\u1eefa b\u1ed9 ch\u1ebf h\u00f2a kh\u00ed QY-70101.1"},"content":{"rendered":"<h2 data-start=\"133\" data-end=\"201\"><a href=\"https:\/\/qiyanghardware.com\/vi\/product\/qy-70101-1\/\">Float Lo\u1ea1i B\u1ed9 d\u1ee5ng c\u1ee5 s\u1eeda ch\u1eefa b\u1ed9 ch\u1ebf h\u00f2a kh\u00ed<\/a> \u0111\u1ec3 b\u1ea3o tr\u00ec \u0111\u1ed9ng c\u01a1 \u0111\u00e1ng tin c\u1eady<\/h2>\n<p data-start=\"203\" data-end=\"686\">B\u1ed9 d\u1ee5ng c\u1ee5 s\u1eeda ch\u1eefa b\u1ed9 ch\u1ebf h\u00f2a kh\u00ed lo\u1ea1i phao \u0111\u01b0\u1ee3c thi\u1ebft k\u1ebf \u0111\u1eb7c bi\u1ec7t \u0111\u1ec3 kh\u00f4i ph\u1ee5c hi\u1ec7u su\u1ea5t v\u00e0 \u0111\u1ed9 tin c\u1eady c\u1ee7a b\u1ed9 ch\u1ebf h\u00f2a kh\u00ed ki\u1ec3u phao trong \u0111\u1ed9ng c\u01a1 nh\u1ecf, m\u00e1y ph\u00e1t \u0111i\u1ec7n, xe m\u00e1y v\u00e0 c\u00e1c m\u00e1y m\u00f3c kh\u00e1c.Nh\u1eefng b\u1ed9 d\u1ee5ng c\u1ee5 s\u1eeda ch\u1eefa n\u00e0y bao g\u1ed3m t\u1ea5t c\u1ea3 c\u00e1c th\u00e0nh ph\u1ea7n thi\u1ebft y\u1ebfu c\u1ea7n thi\u1ebft \u0111\u1ec3 thay th\u1ebf c\u00e1c b\u1ed9 ph\u1eadn b\u1ecb m\u00f2n ho\u1eb7c h\u01b0 h\u1ecfng, \u0111\u1ea3m b\u1ea3o cung c\u1ea5p nhi\u00ean li\u1ec7u tr\u01a1n tru v\u00e0 ho\u1ea1t \u0111\u1ed9ng \u0111\u1ed9ng c\u01a1 nh\u1ea5t qu\u00e1n.B\u1eb1ng c\u00e1ch s\u1eed d\u1ee5ng c\u00e1c B\u1ed9 d\u1ee5ng c\u1ee5 s\u1eeda ch\u1eefa b\u1ed9 ch\u1ebf h\u00f2a kh\u00ed n\u00e0y, ng\u01b0\u1eddi d\u00f9ng c\u00f3 th\u1ec3 ng\u0103n ch\u1eb7n r\u00f2 r\u1ec9 nhi\u00ean li\u1ec7u, gi\u1ea3m s\u1ef1 ch\u1ebft m\u00e1y c\u1ee7a \u0111\u1ed9ng c\u01a1 v\u00e0 duy tr\u00ec ph\u1ea3n \u1ee9ng ga t\u1ed1i \u01b0u.<\/p>\n<p data-start=\"688\" data-end=\"1134\">M\u1ed7i Float Type Carburetor Repair Kit cung c\u1ea5p ch\u00ednh x\u00e1c-ph\u00f9 h\u1ee3p v\u1edbi mi\u1ebfng \u0111\u1ec7m, phao, kim, v\u00e0 c\u00e1c th\u00e0nh ph\u1ea7n kh\u00e1c \u0111\u1ec3 \u0111\u1ea3m b\u1ea3o kh\u1ea3 n\u0103ng t\u01b0\u01a1ng th\u00edch v\u1edbi thi\u1ebft k\u1ebf b\u1ed9 ch\u1ebf h\u00f2a kh\u00ed ban \u0111\u1ea7u.\u0110i\u1ec1u n\u00e0y \u0111\u1ea3m b\u1ea3o r\u1eb1ng vi\u1ec7c s\u1eeda ch\u1eefa l\u00e0 \u0111\u01a1n gi\u1ea3n v\u00e0 hi\u1ec7u qu\u1ea3, ngay c\u1ea3 \u0111\u1ed1i v\u1edbi ng\u01b0\u1eddi d\u00f9ng c\u00f3 kinh nghi\u1ec7m c\u01a1 kh\u00ed h\u1ea1n ch\u1ebf. b\u1ea3o tr\u00ec th\u01b0\u1eddng xuy\u00ean s\u1eed d\u1ee5ng c\u00e1c B\u1ed9 d\u1ee5ng c\u1ee5 s\u1eeda ch\u1eefa b\u1ed9 ch\u1ebf h\u00f2a kh\u00ed n\u00e0y gi\u00fap k\u00e9o d\u00e0i tu\u1ed5i th\u1ecd c\u1ee7a \u0111\u1ed9ng c\u01a1, c\u1ea3i thi\u1ec7n hi\u1ec7u qu\u1ea3 nhi\u00ean li\u1ec7u, v\u00e0 duy tr\u00ec hi\u1ec7u su\u1ea5t \u0111\u00e1ng tin c\u1eady theo th\u1eddi gian.<\/p>\n<p data-start=\"1136\" data-end=\"1563\">Cho d\u00f9 b\u1ea1n \u0111ang th\u1ef1c hi\u1ec7n b\u1ea3o tr\u00ec \u0111\u1ecbnh k\u1ef3 ho\u1eb7c gi\u1ea3i quy\u1ebft c\u00e1c v\u1ea5n \u0111\u1ec1 v\u1ec1 hi\u1ec7u su\u1ea5t, B\u1ed9 d\u1ee5ng c\u1ee5 s\u1eeda ch\u1eefa b\u1ed9 ch\u1ebf h\u00f2a kh\u00ed lo\u1ea1i phao l\u00e0 m\u1ed9t gi\u1ea3i ph\u00e1p thi\u1ebft y\u1ebfu.Ch\u00fang cho ph\u00e9p ng\u01b0\u1eddi d\u00f9ng kh\u00f4i ph\u1ee5c hi\u1ec7u su\u1ea5t \u0111\u1ed9ng c\u01a1, gi\u1ea3m th\u1eddi gian ch\u1ebft t\u1ed1n k\u00e9m v\u00e0 gi\u1eef cho m\u00e1y m\u00f3c ho\u1ea1t \u0111\u1ed9ng tr\u01a1n tru.V\u1edbi c\u00e1c th\u00e0nh ph\u1ea7n b\u1ec1n, ch\u1ea5t l\u01b0\u1ee3ng cao, c\u00e1c b\u1ed9 d\u1ee5ng c\u1ee5 s\u1eeda ch\u1eefa n\u00e0y mang l\u1ea1i k\u1ebft qu\u1ea3 l\u00e2u d\u00e0i, l\u00e0m cho ch\u00fang tr\u1edf th\u00e0nh m\u1ed9t c\u00f4ng c\u1ee5 kh\u00f4ng th\u1ec3 thi\u1ebfu cho c\u1ea3 nh\u1eefng ng\u01b0\u1eddi \u0111am m\u00ea c\u01a1 kh\u00ed chuy\u00ean nghi\u1ec7p v\u00e0 DIY.<\/p>\n<h3 data-start=\"1565\" data-end=\"1612\">C\u00e2u h\u1ecfi th\u01b0\u1eddng g\u1eb7p v\u1ec1 B\u1ed9 d\u1ee5ng c\u1ee5 s\u1eeda ch\u1eefa b\u1ed9 ch\u1ebf h\u00f2a kh\u00ed lo\u1ea1i phao<\/h3>\n<p data-start=\"1614\" data-end=\"1792\"><strong data-start=\"1614\" data-end=\"1669\">Q1: Nh\u1eefng g\u00ec \u0111\u01b0\u1ee3c bao g\u1ed3m trong B\u1ed9 d\u1ee5ng c\u1ee5 s\u1eeda ch\u1eefa b\u1ed9 ch\u1ebf h\u00f2a kh\u00ed?<\/strong><br data-start=\"1669\" data-end=\"1672\" \/>A: C\u00e1c b\u1ed9 d\u1ee5ng c\u1ee5 bao g\u1ed3m mi\u1ebfng \u0111\u1ec7m, phao, kim, v\u00f2ng ch\u1eef O v\u00e0 c\u00e1c b\u1ed9 ph\u1eadn kh\u00e1c c\u1ea7n thi\u1ebft \u0111\u1ec3 s\u1eeda ch\u1eefa b\u1ed9 ch\u1ebf h\u00f2a kh\u00ed ki\u1ec3u phao.<\/p>\n<p data-start=\"1794\" data-end=\"1955\"><strong data-start=\"1794\" data-end=\"1861\">Q2: T\u00f4i c\u00f3 th\u1ec3 t\u1ef1 l\u1eafp \u0111\u1eb7t B\u1ed9 d\u1ee5ng c\u1ee5 s\u1eeda ch\u1eefa b\u1ed9 ch\u1ebf h\u00f2a kh\u00ed lo\u1ea1i phao kh\u00f4ng?<\/strong><br data-start=\"1861\" data-end=\"1864\" \/>A: C\u00f3, c\u00e1c b\u1ed9 d\u1ee5ng c\u1ee5 \u0111\u01b0\u1ee3c thi\u1ebft k\u1ebf \u0111\u1ec3 c\u00e0i \u0111\u1eb7t d\u1ec5 d\u00e0ng v\u00e0 kh\u00f4ng y\u00eau c\u1ea7u c\u00e1c c\u00f4ng c\u1ee5 chuy\u00ean d\u1ee5ng.<\/p>\n<p data-start=\"1957\" data-end=\"2162\"><strong data-start=\"1957\" data-end=\"2017\">Q3: \u0110\u1ed9ng c\u01a1 n\u00e0o t\u01b0\u01a1ng th\u00edch v\u1edbi c\u00e1c b\u1ed9 d\u1ee5ng c\u1ee5 s\u1eeda ch\u1eefa n\u00e0y?<\/strong><br data-start=\"2017\" data-end=\"2020\" \/>A: Nh\u1eefng B\u1ed9 d\u1ee5ng c\u1ee5 s\u1eeda ch\u1eefa b\u1ed9 ch\u1ebf h\u00f2a kh\u00ed n\u00e0y ph\u00f9 h\u1ee3p v\u1edbi \u0111\u1ed9ng c\u01a1 nh\u1ecf, m\u00e1y ph\u00e1t \u0111i\u1ec7n, xe m\u00e1y v\u00e0 c\u00e1c m\u00e1y m\u00f3c t\u01b0\u01a1ng t\u1ef1 s\u1eed d\u1ee5ng b\u1ed9 ch\u1ebf h\u00f2a kh\u00ed ki\u1ec3u phao.<\/p>\n<p data-start=\"2164\" data-end=\"2350\"><strong data-start=\"2164\" data-end=\"2213\">Q4: Bao l\u00e2u n\u00ean s\u1eed d\u1ee5ng b\u1ed9 d\u1ee5ng c\u1ee5 s\u1eeda ch\u1eefa?<\/strong><br data-start=\"2213\" data-end=\"2216\" \/>A: S\u1eed d\u1ee5ng ch\u00fang b\u1ea5t c\u1ee9 khi n\u00e0o b\u1ed9 ch\u1ebf h\u00f2a kh\u00ed c\u1ee7a b\u1ea1n c\u00f3 d\u1ea5u hi\u1ec7u hao m\u00f2n ho\u1eb7c c\u00e1c v\u1ea5n \u0111\u1ec1 v\u1ec1 hi\u1ec7u su\u1ea5t. b\u1ea3o tr\u00ec th\u01b0\u1eddng xuy\u00ean \u0111\u1ea3m b\u1ea3o ho\u1ea1t \u0111\u1ed9ng \u0111\u1ed9ng c\u01a1 tr\u01a1n tru.<\/p>\n<p data-start=\"2352\" data-end=\"2557\"><strong data-start=\"2352\" data-end=\"2402\">Q5: Nh\u1eefng b\u1ed9 d\u1ee5ng c\u1ee5 n\u00e0y s\u1ebd c\u1ea3i thi\u1ec7n hi\u1ec7u su\u1ea5t \u0111\u1ed9ng c\u01a1?<\/strong><br data-start=\"2402\" data-end=\"2405\" \/>A: C\u00f3, thay th\u1ebf c\u00e1c th\u00e0nh ph\u1ea7n b\u1ecb m\u00f2n v\u1edbi c\u00e1c B\u1ed9 d\u1ee5ng c\u1ee5 s\u1eeda ch\u1eefa b\u1ed9 ch\u1ebf h\u00f2a kh\u00ed n\u00e0y ph\u1ee5c h\u1ed3i l\u01b0u l\u01b0\u1ee3ng nhi\u00ean li\u1ec7u, \u1ed5n \u0111\u1ecbnh hi\u1ec7u su\u1ea5t \u0111\u1ed9ng c\u01a1 v\u00e0 c\u1ea3i thi\u1ec7n ph\u1ea3n \u1ee9ng ga.<\/p>","protected":false},"excerpt":{"rendered":"<p>B\u1ed9 s\u1eeda ch\u1eefa b\u1ed9 ch\u1ebf h\u00f2a kh\u00ed lo\u1ea1i phao<\/p>","protected":false},"featured_media":1255,"template":"","meta":[],"product_brand":[],"product_cat":[82,72,78],"product_tag":[],"class_list":{"0":"post-1254","1":"product","2":"type-product","3":"status-publish","4":"has-post-thumbnail","6":"product_cat-air-filter","7":"product_cat-parts-and-tools","8":"product_cat-repair-kit","10":"first","11":"instock","12":"shipping-taxable","13":"product-type-simple"},"_links":{"self":[{"href":"https:\/\/qiyanghardware.com\/vi\/wp-json\/wp\/v2\/product\/1254","targetHints":{"allow":["GET"]}}],"collection":[{"href":"https:\/\/qiyanghardware.com\/vi\/wp-json\/wp\/v2\/product"}],"about":[{"href":"https:\/\/qiyanghardware.com\/vi\/wp-json\/wp\/v2\/types\/product"}],"wp:featuredmedia":[{"embeddable":true,"href":"https:\/\/qiyanghardware.com\/vi\/wp-json\/wp\/v2\/media\/1255"}],"wp:attachment":[{"href":"https:\/\/qiyanghardware.com\/vi\/wp-json\/wp\/v2\/media?parent=1254"}],"wp:term":[{"taxonomy":"product_brand","embeddable":true,"href":"https:\/\/qiyanghardware.com\/vi\/wp-json\/wp\/v2\/product_brand?post=1254"},{"taxonomy":"product_cat","embeddable":true,"href":"https:\/\/qiyanghardware.com\/vi\/wp-json\/wp\/v2\/product_cat?post=1254"},{"taxonomy":"product_tag","embeddable":true,"href":"https:\/\/qiyanghardware.com\/vi\/wp-json\/wp\/v2\/product_tag?post=1254"}],"curies":[{"name":"wp","href":"https:\/\/api.w.org\/{rel}","templated":true}]}}