{"id":1276,"date":"2025-10-22T02:27:46","date_gmt":"2025-10-22T02:27:46","guid":{"rendered":"https:\/\/qiyanghardware.com\/?post_type=product&#038;p=1276"},"modified":"2025-12-18T08:08:46","modified_gmt":"2025-12-18T08:08:46","slug":"2-stroke-carburetor-primer-bulb-qy-70402","status":"publish","type":"product","link":"https:\/\/qiyanghardware.com\/vi\/product\/2-stroke-carburetor-primer-bulb-qy-70402\/","title":{"rendered":"B\u00f3ng b\u01a1m m\u1ed3i x\u0103ng cho b\u1ed9 ch\u1ebf h\u00f2a kh\u00ed 2 th\u00ec QY-70402"},"content":{"rendered":"<p>M\u00f4 h\u00ecnh c\u00f4ng ty: M\u00e1y phun d\u1ea7u<\/p>","protected":false},"excerpt":{"rendered":"<p>M\u00f4 h\u00ecnh c\u00f4ng ty: M\u00e1y phun d\u1ea7u<\/p>","protected":false},"featured_media":1277,"template":"","meta":[],"product_brand":[],"product_cat":[81,72],"product_tag":[],"class_list":{"0":"post-1276","1":"product","2":"type-product","3":"status-publish","4":"has-post-thumbnail","6":"product_cat-oil-pump","7":"product_cat-parts-and-tools","9":"first","10":"instock","11":"shipping-taxable","12":"product-type-simple"},"_links":{"self":[{"href":"https:\/\/qiyanghardware.com\/vi\/wp-json\/wp\/v2\/product\/1276","targetHints":{"allow":["GET"]}}],"collection":[{"href":"https:\/\/qiyanghardware.com\/vi\/wp-json\/wp\/v2\/product"}],"about":[{"href":"https:\/\/qiyanghardware.com\/vi\/wp-json\/wp\/v2\/types\/product"}],"wp:featuredmedia":[{"embeddable":true,"href":"https:\/\/qiyanghardware.com\/vi\/wp-json\/wp\/v2\/media\/1277"}],"wp:attachment":[{"href":"https:\/\/qiyanghardware.com\/vi\/wp-json\/wp\/v2\/media?parent=1276"}],"wp:term":[{"taxonomy":"product_brand","embeddable":true,"href":"https:\/\/qiyanghardware.com\/vi\/wp-json\/wp\/v2\/product_brand?post=1276"},{"taxonomy":"product_cat","embeddable":true,"href":"https:\/\/qiyanghardware.com\/vi\/wp-json\/wp\/v2\/product_cat?post=1276"},{"taxonomy":"product_tag","embeddable":true,"href":"https:\/\/qiyanghardware.com\/vi\/wp-json\/wp\/v2\/product_tag?post=1276"}],"curies":[{"name":"wp","href":"https:\/\/api.w.org\/{rel}","templated":true}]}}