{"id":1306,"date":"2025-10-22T02:40:32","date_gmt":"2025-10-22T02:40:32","guid":{"rendered":"https:\/\/qiyanghardware.com\/?post_type=product&#038;p=1306"},"modified":"2025-12-20T08:53:01","modified_gmt":"2025-12-20T08:53:01","slug":"copper-piston-pin-qy-70702","status":"publish","type":"product","link":"https:\/\/qiyanghardware.com\/vi\/product\/copper-piston-pin-qy-70702\/","title":{"rendered":"Ch\u1ed1t piston b\u1eb1ng \u0111\u1ed3ng QY-70702"},"content":{"rendered":"","protected":false},"excerpt":{"rendered":"<p>Ch\u00fang t\u00f4i c\u00f3 piston \u0111\u1ed3ng v\u1edbi nhi\u1ec1u m\u1eabu m\u00e3 kh\u00e1c nhau<\/p>","protected":false},"featured_media":1307,"template":"","meta":[],"product_brand":[],"product_cat":[84,72],"product_tag":[],"class_list":{"0":"post-1306","1":"product","2":"type-product","3":"status-publish","4":"has-post-thumbnail","6":"product_cat-copper-piston","7":"product_cat-parts-and-tools","9":"first","10":"instock","11":"shipping-taxable","12":"product-type-simple"},"_links":{"self":[{"href":"https:\/\/qiyanghardware.com\/vi\/wp-json\/wp\/v2\/product\/1306","targetHints":{"allow":["GET"]}}],"collection":[{"href":"https:\/\/qiyanghardware.com\/vi\/wp-json\/wp\/v2\/product"}],"about":[{"href":"https:\/\/qiyanghardware.com\/vi\/wp-json\/wp\/v2\/types\/product"}],"wp:featuredmedia":[{"embeddable":true,"href":"https:\/\/qiyanghardware.com\/vi\/wp-json\/wp\/v2\/media\/1307"}],"wp:attachment":[{"href":"https:\/\/qiyanghardware.com\/vi\/wp-json\/wp\/v2\/media?parent=1306"}],"wp:term":[{"taxonomy":"product_brand","embeddable":true,"href":"https:\/\/qiyanghardware.com\/vi\/wp-json\/wp\/v2\/product_brand?post=1306"},{"taxonomy":"product_cat","embeddable":true,"href":"https:\/\/qiyanghardware.com\/vi\/wp-json\/wp\/v2\/product_cat?post=1306"},{"taxonomy":"product_tag","embeddable":true,"href":"https:\/\/qiyanghardware.com\/vi\/wp-json\/wp\/v2\/product_tag?post=1306"}],"curies":[{"name":"wp","href":"https:\/\/api.w.org\/{rel}","templated":true}]}}