{"id":603,"date":"2025-10-17T04:13:30","date_gmt":"2025-10-17T04:13:30","guid":{"rendered":"https:\/\/qiyanghardware.com\/?post_type=product&#038;p=603"},"modified":"2026-01-04T08:35:10","modified_gmt":"2026-01-04T08:35:10","slug":"best-carburetor-qy-10101","status":"publish","type":"product","link":"https:\/\/qiyanghardware.com\/vi\/product\/best-carburetor-qy-10101\/","title":{"rendered":"B\u1ed9 ch\u1ebf h\u00f2a kh\u00ed t\u1ed1t nh\u1ea5t QY-10101"},"content":{"rendered":"<div data-slate-node=\"element\">\n<p>\u0110\u1ed9ng c\u01a1 ph\u00f9 h\u1ee3p: 139F<\/p>\n<p>\u0110\u01b0\u1eddng k\u00ednh giao di\u1ec7n (mm): \u00d88-\u00d88.5<\/p>\n<\/div>\n<div style=\"all: initial !important;\"><\/div>","protected":false},"excerpt":{"rendered":"<p>B\u1ed9 ch\u1ebf h\u00f2a kh\u00ed n\u00e0y ph\u00f9 h\u1ee3p v\u1edbi \u0111\u1ed9ng c\u01a1 139F, c\u00f3 th\u1ec3 s\u1eed d\u1ee5ng cho m\u00e1y c\u1eaft c\u1ecf, m\u00e1y c\u1eaft c\u1ecf, m\u00e1y b\u01a1m n\u01b0\u1edbc, m\u00e1y phun thu\u1ed1c tr\u1eeb s\u00e2u, m\u00e1y phun s\u01b0\u01a1ng \u0111eo l\u01b0ng.<\/p>","protected":false},"featured_media":608,"template":"","meta":[],"product_brand":[],"product_cat":[70,73,85],"product_tag":[],"class_list":{"0":"post-603","1":"product","2":"type-product","3":"status-publish","4":"has-post-thumbnail","6":"product_cat-carburetor","7":"product_cat-diaphragm-carburetor","8":"product_cat-o8-5-mpz08-series","10":"first","11":"instock","12":"shipping-taxable","13":"product-type-simple"},"_links":{"self":[{"href":"https:\/\/qiyanghardware.com\/vi\/wp-json\/wp\/v2\/product\/603","targetHints":{"allow":["GET"]}}],"collection":[{"href":"https:\/\/qiyanghardware.com\/vi\/wp-json\/wp\/v2\/product"}],"about":[{"href":"https:\/\/qiyanghardware.com\/vi\/wp-json\/wp\/v2\/types\/product"}],"wp:featuredmedia":[{"embeddable":true,"href":"https:\/\/qiyanghardware.com\/vi\/wp-json\/wp\/v2\/media\/608"}],"wp:attachment":[{"href":"https:\/\/qiyanghardware.com\/vi\/wp-json\/wp\/v2\/media?parent=603"}],"wp:term":[{"taxonomy":"product_brand","embeddable":true,"href":"https:\/\/qiyanghardware.com\/vi\/wp-json\/wp\/v2\/product_brand?post=603"},{"taxonomy":"product_cat","embeddable":true,"href":"https:\/\/qiyanghardware.com\/vi\/wp-json\/wp\/v2\/product_cat?post=603"},{"taxonomy":"product_tag","embeddable":true,"href":"https:\/\/qiyanghardware.com\/vi\/wp-json\/wp\/v2\/product_tag?post=603"}],"curies":[{"name":"wp","href":"https:\/\/api.w.org\/{rel}","templated":true}]}}