{"id":656,"date":"2025-10-20T03:58:57","date_gmt":"2025-10-20T03:58:57","guid":{"rendered":"https:\/\/qiyanghardware.com\/?post_type=product&#038;p=656"},"modified":"2025-12-29T08:43:01","modified_gmt":"2025-12-29T08:43:01","slug":"carburetors-qy-10101-1","status":"publish","type":"product","link":"https:\/\/qiyanghardware.com\/vi\/product\/carburetors-qy-10101-1\/","title":{"rendered":"B\u1ed9 ch\u1ebf h\u00f2a kh\u00ed QY-10101.1"},"content":{"rendered":"<p>\u0110\u1ed9ng c\u01a1 ph\u00f9 h\u1ee3p: 139F<\/p>\n<p>\u0110\u01b0\u1eddng k\u00ednh giao di\u1ec7n (mm): \u00d88-\u00d88.5<\/p>\n<p>C\u00e1c th\u00f4ng s\u1ed1 kh\u00e1c: piston \u0111\u1ed3ng<\/p>\n<p>&nbsp;<\/p>\n<div style=\"all: initial !important;\"><\/div>\n<div style=\"all: initial !important;\"><\/div>","protected":false},"excerpt":{"rendered":"<p>Nh\u1eefng b\u1ed9 ch\u1ebf h\u00f2a kh\u00ed v\u1edbi m\u1ed9t piston \u0111\u1ed3ng ph\u00f9 h\u1ee3p cho \u0111\u1ed9ng c\u01a1 139F, c\u00f3 th\u1ec3 \u0111\u01b0\u1ee3c s\u1eed d\u1ee5ng cho Brush Cutters, Grass Trimmers, M\u00e1y b\u01a1m n\u01b0\u1edbc, Power Sprayer, Knapsack Mist Duster.<\/p>\n<div style=\"all: initial !important;\"><\/div>\n<div style=\"all: initial !important;\"><\/div>","protected":false},"featured_media":267,"template":"","meta":[],"product_brand":[],"product_cat":[70,73,85],"product_tag":[],"class_list":{"0":"post-656","1":"product","2":"type-product","3":"status-publish","4":"has-post-thumbnail","6":"product_cat-carburetor","7":"product_cat-diaphragm-carburetor","8":"product_cat-o8-5-mpz08-series","10":"first","11":"instock","12":"shipping-taxable","13":"product-type-simple"},"_links":{"self":[{"href":"https:\/\/qiyanghardware.com\/vi\/wp-json\/wp\/v2\/product\/656","targetHints":{"allow":["GET"]}}],"collection":[{"href":"https:\/\/qiyanghardware.com\/vi\/wp-json\/wp\/v2\/product"}],"about":[{"href":"https:\/\/qiyanghardware.com\/vi\/wp-json\/wp\/v2\/types\/product"}],"wp:featuredmedia":[{"embeddable":true,"href":"https:\/\/qiyanghardware.com\/vi\/wp-json\/wp\/v2\/media\/267"}],"wp:attachment":[{"href":"https:\/\/qiyanghardware.com\/vi\/wp-json\/wp\/v2\/media?parent=656"}],"wp:term":[{"taxonomy":"product_brand","embeddable":true,"href":"https:\/\/qiyanghardware.com\/vi\/wp-json\/wp\/v2\/product_brand?post=656"},{"taxonomy":"product_cat","embeddable":true,"href":"https:\/\/qiyanghardware.com\/vi\/wp-json\/wp\/v2\/product_cat?post=656"},{"taxonomy":"product_tag","embeddable":true,"href":"https:\/\/qiyanghardware.com\/vi\/wp-json\/wp\/v2\/product_tag?post=656"}],"curies":[{"name":"wp","href":"https:\/\/api.w.org\/{rel}","templated":true}]}}