{"id":717,"date":"2025-10-20T08:23:49","date_gmt":"2025-10-20T08:23:49","guid":{"rendered":"https:\/\/qiyanghardware.com\/?post_type=product&#038;p=717"},"modified":"2025-12-29T08:43:36","modified_gmt":"2025-12-29T08:43:36","slug":"qy-10102-best-carburetor","status":"publish","type":"product","link":"https:\/\/qiyanghardware.com\/vi\/product\/qy-10102-best-carburetor\/","title":{"rendered":"B\u1ed9 ch\u1ebf h\u00f2a kh\u00ed t\u1ed1t nh\u1ea5t QY-10102"},"content":{"rendered":"<p>\u0110\u1ed9ng c\u01a1 ph\u00f9 h\u1ee3p: 139F<br \/>\n\u0110\u01b0\u1eddng k\u00ednh giao di\u1ec7n (mm): \u00d88-\u00d88.5<br \/>\nC\u00e1c th\u00f4ng s\u1ed1 kh\u00e1c: L\u1ed7, T\u1ed1c \u0111\u1ed9 cao kh\u00f4ng th\u1ec3 \u0111i\u1ec1u ch\u1ec9nh<\/p>","protected":false},"excerpt":{"rendered":"<p>B\u1ed9 ch\u1ebf h\u00f2a kh\u00ed n\u00e0y \u0111\u01b0\u1ee3c trang b\u1ecb l\u1ed7 b\u00ean trong v\u00e0 t\u1ed1c \u0111\u1ed9 cao c\u1ee7a n\u00f3 kh\u00f4ng th\u1ec3 \u0111i\u1ec1u ch\u1ec9nh.N\u00f3 ph\u00f9 h\u1ee3p v\u1edbi \u0111\u1ed9ng c\u01a1 139F, c\u00f3 th\u1ec3 \u0111\u01b0\u1ee3c s\u1eed d\u1ee5ng cho M\u00e1y c\u1eaft b\u00e0n ch\u1ea3i, M\u00e1y x\u00e9n c\u1ecf, M\u00e1y b\u01a1m n\u01b0\u1edbc, M\u00e1y phun \u0111i\u1ec7n, Knapsack Mist Duster.<\/p>","protected":false},"featured_media":723,"template":"","meta":[],"product_brand":[],"product_cat":[70,73,85],"product_tag":[],"class_list":{"0":"post-717","1":"product","2":"type-product","3":"status-publish","4":"has-post-thumbnail","6":"product_cat-carburetor","7":"product_cat-diaphragm-carburetor","8":"product_cat-o8-5-mpz08-series","10":"first","11":"instock","12":"shipping-taxable","13":"product-type-simple"},"_links":{"self":[{"href":"https:\/\/qiyanghardware.com\/vi\/wp-json\/wp\/v2\/product\/717","targetHints":{"allow":["GET"]}}],"collection":[{"href":"https:\/\/qiyanghardware.com\/vi\/wp-json\/wp\/v2\/product"}],"about":[{"href":"https:\/\/qiyanghardware.com\/vi\/wp-json\/wp\/v2\/types\/product"}],"wp:featuredmedia":[{"embeddable":true,"href":"https:\/\/qiyanghardware.com\/vi\/wp-json\/wp\/v2\/media\/723"}],"wp:attachment":[{"href":"https:\/\/qiyanghardware.com\/vi\/wp-json\/wp\/v2\/media?parent=717"}],"wp:term":[{"taxonomy":"product_brand","embeddable":true,"href":"https:\/\/qiyanghardware.com\/vi\/wp-json\/wp\/v2\/product_brand?post=717"},{"taxonomy":"product_cat","embeddable":true,"href":"https:\/\/qiyanghardware.com\/vi\/wp-json\/wp\/v2\/product_cat?post=717"},{"taxonomy":"product_tag","embeddable":true,"href":"https:\/\/qiyanghardware.com\/vi\/wp-json\/wp\/v2\/product_tag?post=717"}],"curies":[{"name":"wp","href":"https:\/\/api.w.org\/{rel}","templated":true}]}}