{"id":724,"date":"2025-10-20T08:28:10","date_gmt":"2025-10-20T08:28:10","guid":{"rendered":"https:\/\/qiyanghardware.com\/?post_type=product&#038;p=724"},"modified":"2025-12-29T08:43:48","modified_gmt":"2025-12-29T08:43:48","slug":"qy-10201-gx35-140-carburetor","status":"publish","type":"product","link":"https:\/\/qiyanghardware.com\/vi\/product\/qy-10201-gx35-140-carburetor\/","title":{"rendered":"B\u1ed9 ch\u1ebf h\u00f2a kh\u00ed GX35\/140 QY-10201"},"content":{"rendered":"<p>\u0110\u1ed9ng c\u01a1 ph\u00f9 h\u1ee3p: GX35\/140<br \/>\n\u0110\u01b0\u1eddng k\u00ednh giao di\u1ec7n (mm): \u00d89<\/p>\n<div style=\"all: initial !important;\"><\/div>","protected":false},"excerpt":{"rendered":"<p>B\u1ed9 ch\u1ebf h\u00f2a kh\u00ed n\u00e0y ph\u00f9 h\u1ee3p v\u1edbi \u0111\u1ed9ng c\u01a1 GX35\/140, c\u00f3 th\u1ec3 s\u1eed d\u1ee5ng cho m\u00e1y c\u1eaft c\u1ecf, m\u00e1y t\u1ec9a c\u1ecf, m\u00e1y b\u01a1m n\u01b0\u1edbc, m\u00e1y phun thu\u1ed1c tr\u1eeb s\u00e2u, b\u00ecnh x\u1ecbt phun s\u01b0\u01a1ng \u0111eo vai.<\/p>\n<div style=\"all: initial !important;\"><\/div>","protected":false},"featured_media":3638,"template":"","meta":[],"product_brand":[],"product_cat":[70,73,86],"product_tag":[],"class_list":{"0":"post-724","1":"product","2":"type-product","3":"status-publish","4":"has-post-thumbnail","6":"product_cat-carburetor","7":"product_cat-diaphragm-carburetor","8":"product_cat-o9-mpz09-series","10":"first","11":"instock","12":"shipping-taxable","13":"product-type-simple"},"_links":{"self":[{"href":"https:\/\/qiyanghardware.com\/vi\/wp-json\/wp\/v2\/product\/724","targetHints":{"allow":["GET"]}}],"collection":[{"href":"https:\/\/qiyanghardware.com\/vi\/wp-json\/wp\/v2\/product"}],"about":[{"href":"https:\/\/qiyanghardware.com\/vi\/wp-json\/wp\/v2\/types\/product"}],"wp:featuredmedia":[{"embeddable":true,"href":"https:\/\/qiyanghardware.com\/vi\/wp-json\/wp\/v2\/media\/3638"}],"wp:attachment":[{"href":"https:\/\/qiyanghardware.com\/vi\/wp-json\/wp\/v2\/media?parent=724"}],"wp:term":[{"taxonomy":"product_brand","embeddable":true,"href":"https:\/\/qiyanghardware.com\/vi\/wp-json\/wp\/v2\/product_brand?post=724"},{"taxonomy":"product_cat","embeddable":true,"href":"https:\/\/qiyanghardware.com\/vi\/wp-json\/wp\/v2\/product_cat?post=724"},{"taxonomy":"product_tag","embeddable":true,"href":"https:\/\/qiyanghardware.com\/vi\/wp-json\/wp\/v2\/product_tag?post=724"}],"curies":[{"name":"wp","href":"https:\/\/api.w.org\/{rel}","templated":true}]}}