{"id":738,"date":"2025-10-20T08:37:30","date_gmt":"2025-10-20T08:37:30","guid":{"rendered":"https:\/\/qiyanghardware.com\/?post_type=product&#038;p=738"},"modified":"2025-12-29T08:44:21","modified_gmt":"2025-12-29T08:44:21","slug":"diaphragm-carburetor-qy-10202","status":"publish","type":"product","link":"https:\/\/qiyanghardware.com\/vi\/product\/diaphragm-carburetor-qy-10202\/","title":{"rendered":"B\u1ed9 ch\u1ebf h\u00f2a kh\u00ed m\u00e0ng QY-10202"},"content":{"rendered":"<p>\u0110\u1ed9ng c\u01a1 ph\u00f9 h\u1ee3p: 140F\/GX35<br \/>\n\u0110\u01b0\u1eddng k\u00ednh giao di\u1ec7n (mm): \u00d89<br \/>\nC\u00e1c th\u00f4ng s\u1ed1 kh\u00e1c: L\u1ed7, T\u1ed1c \u0111\u1ed9 cao kh\u00f4ng th\u1ec3 \u0111i\u1ec1u ch\u1ec9nh<\/p>","protected":false},"excerpt":{"rendered":"<p>B\u1ed9 ch\u1ebf h\u00f2a kh\u00ed n\u00e0y \u0111\u01b0\u1ee3c trang b\u1ecb l\u1ed7 b\u00ean trong v\u00e0 t\u1ed1c \u0111\u1ed9 cao c\u1ee7a n\u00f3 kh\u00f4ng th\u1ec3 \u0111i\u1ec1u ch\u1ec9nh.N\u00f3 ph\u00f9 h\u1ee3p v\u1edbi \u0111\u1ed9ng c\u01a1 GX35\/140, c\u00f3 th\u1ec3 \u0111\u01b0\u1ee3c s\u1eed d\u1ee5ng cho M\u00e1y c\u1eaft b\u00e0n ch\u1ea3i, M\u00e1y x\u00e9n c\u1ecf, M\u00e1y b\u01a1m n\u01b0\u1edbc, M\u00e1y phun \u0111i\u1ec7n, M\u00e1y h\u00fat b\u1ee5i s\u01b0\u01a1ng m\u00f9 Knapsack.<\/p>","protected":false},"featured_media":3688,"template":"","meta":[],"product_brand":[],"product_cat":[70,73,86],"product_tag":[],"class_list":{"0":"post-738","1":"product","2":"type-product","3":"status-publish","4":"has-post-thumbnail","6":"product_cat-carburetor","7":"product_cat-diaphragm-carburetor","8":"product_cat-o9-mpz09-series","10":"first","11":"instock","12":"shipping-taxable","13":"product-type-simple"},"_links":{"self":[{"href":"https:\/\/qiyanghardware.com\/vi\/wp-json\/wp\/v2\/product\/738","targetHints":{"allow":["GET"]}}],"collection":[{"href":"https:\/\/qiyanghardware.com\/vi\/wp-json\/wp\/v2\/product"}],"about":[{"href":"https:\/\/qiyanghardware.com\/vi\/wp-json\/wp\/v2\/types\/product"}],"wp:featuredmedia":[{"embeddable":true,"href":"https:\/\/qiyanghardware.com\/vi\/wp-json\/wp\/v2\/media\/3688"}],"wp:attachment":[{"href":"https:\/\/qiyanghardware.com\/vi\/wp-json\/wp\/v2\/media?parent=738"}],"wp:term":[{"taxonomy":"product_brand","embeddable":true,"href":"https:\/\/qiyanghardware.com\/vi\/wp-json\/wp\/v2\/product_brand?post=738"},{"taxonomy":"product_cat","embeddable":true,"href":"https:\/\/qiyanghardware.com\/vi\/wp-json\/wp\/v2\/product_cat?post=738"},{"taxonomy":"product_tag","embeddable":true,"href":"https:\/\/qiyanghardware.com\/vi\/wp-json\/wp\/v2\/product_tag?post=738"}],"curies":[{"name":"wp","href":"https:\/\/api.w.org\/{rel}","templated":true}]}}