{"id":745,"date":"2025-10-20T08:58:57","date_gmt":"2025-10-20T08:58:57","guid":{"rendered":"https:\/\/qiyanghardware.com\/?post_type=product&#038;p=745"},"modified":"2025-12-29T08:44:30","modified_gmt":"2025-12-29T08:44:30","slug":"diaphragm-type-carburetor-qy-10203","status":"publish","type":"product","link":"https:\/\/qiyanghardware.com\/vi\/product\/diaphragm-type-carburetor-qy-10203\/","title":{"rendered":"B\u1ed9 ch\u1ebf h\u00f2a kh\u00ed ki\u1ec3u m\u00e0ng QY-10203"},"content":{"rendered":"<p>Matched Engine:1E32F\/G23<br \/>\n\u0110\u01b0\u1eddng k\u00ednh giao di\u1ec7n (mm): \u00d89<\/p>","protected":false},"excerpt":{"rendered":"<p>B\u1ed9 ch\u1ebf h\u00f2a kh\u00ed n\u00e0y ph\u00f9 h\u1ee3p v\u1edbi \u0111\u1ed9ng c\u01a1 32F\/G23, c\u00f3 th\u1ec3 s\u1eed d\u1ee5ng cho m\u00e1y c\u1eaft c\u1ecf, m\u00e1y t\u1ec9a c\u1ecf, m\u00e1y c\u1eaft t\u1ec9a h\u00e0ng r\u00e0o ch\u1ea1y x\u0103ng.<\/p>","protected":false},"featured_media":747,"template":"","meta":[],"product_brand":[],"product_cat":[70,73,86],"product_tag":[],"class_list":{"0":"post-745","1":"product","2":"type-product","3":"status-publish","4":"has-post-thumbnail","6":"product_cat-carburetor","7":"product_cat-diaphragm-carburetor","8":"product_cat-o9-mpz09-series","10":"first","11":"instock","12":"shipping-taxable","13":"product-type-simple"},"_links":{"self":[{"href":"https:\/\/qiyanghardware.com\/vi\/wp-json\/wp\/v2\/product\/745","targetHints":{"allow":["GET"]}}],"collection":[{"href":"https:\/\/qiyanghardware.com\/vi\/wp-json\/wp\/v2\/product"}],"about":[{"href":"https:\/\/qiyanghardware.com\/vi\/wp-json\/wp\/v2\/types\/product"}],"wp:featuredmedia":[{"embeddable":true,"href":"https:\/\/qiyanghardware.com\/vi\/wp-json\/wp\/v2\/media\/747"}],"wp:attachment":[{"href":"https:\/\/qiyanghardware.com\/vi\/wp-json\/wp\/v2\/media?parent=745"}],"wp:term":[{"taxonomy":"product_brand","embeddable":true,"href":"https:\/\/qiyanghardware.com\/vi\/wp-json\/wp\/v2\/product_brand?post=745"},{"taxonomy":"product_cat","embeddable":true,"href":"https:\/\/qiyanghardware.com\/vi\/wp-json\/wp\/v2\/product_cat?post=745"},{"taxonomy":"product_tag","embeddable":true,"href":"https:\/\/qiyanghardware.com\/vi\/wp-json\/wp\/v2\/product_tag?post=745"}],"curies":[{"name":"wp","href":"https:\/\/api.w.org\/{rel}","templated":true}]}}