{"id":752,"date":"2025-10-20T09:04:22","date_gmt":"2025-10-20T09:04:22","guid":{"rendered":"https:\/\/qiyanghardware.com\/?post_type=product&#038;p=752"},"modified":"2025-12-29T08:44:49","modified_gmt":"2025-12-29T08:44:49","slug":"140f-gx35-engine-carburetor-qy-10204","status":"publish","type":"product","link":"https:\/\/qiyanghardware.com\/vi\/product\/140f-gx35-engine-carburetor-qy-10204\/","title":{"rendered":"B\u1ed9 ch\u1ebf h\u00f2a kh\u00ed \u0111\u1ed9ng c\u01a1 140F\/GX35 QY-10204"},"content":{"rendered":"<p>\u0110\u1ed9ng c\u01a1 ph\u00f9 h\u1ee3p: 140F\/GX35<br \/>\n\u0110\u01b0\u1eddng k\u00ednh giao di\u1ec7n (mm): \u00d89<br \/>\nC\u00e1c th\u00f4ng s\u1ed1 kh\u00e1c\uff1aKh\u1edfi \u0111\u1ed9ng \u0111\u01b0\u1ee3c l\u00e0m gi\u00e0u<\/p>","protected":false},"excerpt":{"rendered":"<p>This carburetor integrates a enriched starter, making it very easy to start the engine in extremely cold environments. It is suitable for GX35\/140 engine, can be used for Brush Cutters, Grass Trimmers, Water Pump, Power Sprayer, Knapsack Mist Duster.<\/p>","protected":false},"featured_media":753,"template":"","meta":[],"product_brand":[],"product_cat":[70,73,86],"product_tag":[],"class_list":{"0":"post-752","1":"product","2":"type-product","3":"status-publish","4":"has-post-thumbnail","6":"product_cat-carburetor","7":"product_cat-diaphragm-carburetor","8":"product_cat-o9-mpz09-series","10":"first","11":"instock","12":"shipping-taxable","13":"product-type-simple"},"_links":{"self":[{"href":"https:\/\/qiyanghardware.com\/vi\/wp-json\/wp\/v2\/product\/752","targetHints":{"allow":["GET"]}}],"collection":[{"href":"https:\/\/qiyanghardware.com\/vi\/wp-json\/wp\/v2\/product"}],"about":[{"href":"https:\/\/qiyanghardware.com\/vi\/wp-json\/wp\/v2\/types\/product"}],"wp:featuredmedia":[{"embeddable":true,"href":"https:\/\/qiyanghardware.com\/vi\/wp-json\/wp\/v2\/media\/753"}],"wp:attachment":[{"href":"https:\/\/qiyanghardware.com\/vi\/wp-json\/wp\/v2\/media?parent=752"}],"wp:term":[{"taxonomy":"product_brand","embeddable":true,"href":"https:\/\/qiyanghardware.com\/vi\/wp-json\/wp\/v2\/product_brand?post=752"},{"taxonomy":"product_cat","embeddable":true,"href":"https:\/\/qiyanghardware.com\/vi\/wp-json\/wp\/v2\/product_cat?post=752"},{"taxonomy":"product_tag","embeddable":true,"href":"https:\/\/qiyanghardware.com\/vi\/wp-json\/wp\/v2\/product_tag?post=752"}],"curies":[{"name":"wp","href":"https:\/\/api.w.org\/{rel}","templated":true}]}}