{"id":754,"date":"2025-10-20T09:08:03","date_gmt":"2025-10-20T09:08:03","guid":{"rendered":"https:\/\/qiyanghardware.com\/?post_type=product&#038;p=754"},"modified":"2025-12-29T08:45:07","modified_gmt":"2025-12-29T08:45:07","slug":"honda-carburetor-qy-10205","status":"publish","type":"product","link":"https:\/\/qiyanghardware.com\/vi\/product\/honda-carburetor-qy-10205\/","title":{"rendered":"B\u1ed9 ch\u1ebf h\u00f2a kh\u00ed Honda QY-10205"},"content":{"rendered":"<p>\u0110\u1ed9ng c\u01a1 ph\u00f9 h\u1ee3p:Honda GX25\/GX35\/140F<br \/>\n\u0110\u01b0\u1eddng k\u00ednh giao di\u1ec7n (mm): \u00d89<\/p>","protected":false},"excerpt":{"rendered":"<p>B\u1ed9 ch\u1ebf h\u00f2a kh\u00ed n\u00e0y ph\u00f9 h\u1ee3p v\u1edbi \u0111\u1ed9ng c\u01a1 HONDA GX25\/GX35, c\u00f3 th\u1ec3 \u0111\u01b0\u1ee3c s\u1eed d\u1ee5ng cho M\u00e1y c\u1eaft b\u00e0n ch\u1ea3i, M\u00e1y x\u00e9n c\u1ecf, M\u00e1y b\u01a1m n\u01b0\u1edbc, M\u00e1y phun \u0111i\u1ec7n, M\u00e1y h\u00fat b\u1ee5i s\u01b0\u01a1ng m\u00f9 Knapsack, M\u00e1y c\u1eaft c\u1ecf x\u0103ng.<\/p>","protected":false},"featured_media":760,"template":"","meta":[],"product_brand":[],"product_cat":[70,73,86],"product_tag":[],"class_list":{"0":"post-754","1":"product","2":"type-product","3":"status-publish","4":"has-post-thumbnail","6":"product_cat-carburetor","7":"product_cat-diaphragm-carburetor","8":"product_cat-o9-mpz09-series","10":"first","11":"instock","12":"shipping-taxable","13":"product-type-simple"},"_links":{"self":[{"href":"https:\/\/qiyanghardware.com\/vi\/wp-json\/wp\/v2\/product\/754","targetHints":{"allow":["GET"]}}],"collection":[{"href":"https:\/\/qiyanghardware.com\/vi\/wp-json\/wp\/v2\/product"}],"about":[{"href":"https:\/\/qiyanghardware.com\/vi\/wp-json\/wp\/v2\/types\/product"}],"wp:featuredmedia":[{"embeddable":true,"href":"https:\/\/qiyanghardware.com\/vi\/wp-json\/wp\/v2\/media\/760"}],"wp:attachment":[{"href":"https:\/\/qiyanghardware.com\/vi\/wp-json\/wp\/v2\/media?parent=754"}],"wp:term":[{"taxonomy":"product_brand","embeddable":true,"href":"https:\/\/qiyanghardware.com\/vi\/wp-json\/wp\/v2\/product_brand?post=754"},{"taxonomy":"product_cat","embeddable":true,"href":"https:\/\/qiyanghardware.com\/vi\/wp-json\/wp\/v2\/product_cat?post=754"},{"taxonomy":"product_tag","embeddable":true,"href":"https:\/\/qiyanghardware.com\/vi\/wp-json\/wp\/v2\/product_tag?post=754"}],"curies":[{"name":"wp","href":"https:\/\/api.w.org\/{rel}","templated":true}]}}