{"id":768,"date":"2025-10-20T09:22:12","date_gmt":"2025-10-20T09:22:12","guid":{"rendered":"https:\/\/qiyanghardware.com\/?post_type=product&#038;p=768"},"modified":"2025-12-29T08:45:27","modified_gmt":"2025-12-29T08:45:27","slug":"diaphragm-carburetor-qy-10301","status":"publish","type":"product","link":"https:\/\/qiyanghardware.com\/vi\/product\/diaphragm-carburetor-qy-10301\/","title":{"rendered":"B\u1ed9 ch\u1ebf h\u00f2a kh\u00ed m\u00e0ng QY-10301"},"content":{"rendered":"<p>\u0110\u1ed9ng c\u01a1 t\u01b0\u01a1ng th\u00edch: 1E34F\/1E36F\/TU26\/260\/TL23<\/p>\n<p>\u0110\u01b0\u1eddng k\u00ednh giao di\u1ec7n (mm): \u00d811<\/p>","protected":false},"excerpt":{"rendered":"<p>B\u1ed9 ch\u1ebf h\u00f2a kh\u00ed n\u00e0y ph\u00f9 h\u1ee3p v\u1edbi \u0111\u1ed9ng c\u01a1 TU26\/TL23, c\u00f3 th\u1ec3 s\u1eed d\u1ee5ng cho m\u00e1y c\u1eaft c\u1ecf, m\u00e1y t\u1ec9a c\u1ecf, m\u00e1y b\u01a1m n\u01b0\u1edbc, m\u00e1y phun thu\u1ed1c tr\u1eeb s\u00e2u, m\u00e1y phun s\u01b0\u01a1ng \u0111eo vai, m\u00e1y c\u1eaft c\u1ecf ch\u1ea1y x\u0103ng.<\/p>","protected":false},"featured_media":772,"template":"","meta":[],"product_brand":[],"product_cat":[70,73,87],"product_tag":[],"class_list":{"0":"post-768","1":"product","2":"type-product","3":"status-publish","4":"has-post-thumbnail","6":"product_cat-carburetor","7":"product_cat-diaphragm-carburetor","8":"product_cat-o11-mpz11-series","10":"first","11":"instock","12":"shipping-taxable","13":"product-type-simple"},"_links":{"self":[{"href":"https:\/\/qiyanghardware.com\/vi\/wp-json\/wp\/v2\/product\/768","targetHints":{"allow":["GET"]}}],"collection":[{"href":"https:\/\/qiyanghardware.com\/vi\/wp-json\/wp\/v2\/product"}],"about":[{"href":"https:\/\/qiyanghardware.com\/vi\/wp-json\/wp\/v2\/types\/product"}],"wp:featuredmedia":[{"embeddable":true,"href":"https:\/\/qiyanghardware.com\/vi\/wp-json\/wp\/v2\/media\/772"}],"wp:attachment":[{"href":"https:\/\/qiyanghardware.com\/vi\/wp-json\/wp\/v2\/media?parent=768"}],"wp:term":[{"taxonomy":"product_brand","embeddable":true,"href":"https:\/\/qiyanghardware.com\/vi\/wp-json\/wp\/v2\/product_brand?post=768"},{"taxonomy":"product_cat","embeddable":true,"href":"https:\/\/qiyanghardware.com\/vi\/wp-json\/wp\/v2\/product_cat?post=768"},{"taxonomy":"product_tag","embeddable":true,"href":"https:\/\/qiyanghardware.com\/vi\/wp-json\/wp\/v2\/product_tag?post=768"}],"curies":[{"name":"wp","href":"https:\/\/api.w.org\/{rel}","templated":true}]}}