{"id":775,"date":"2025-10-20T09:31:06","date_gmt":"2025-10-20T09:31:06","guid":{"rendered":"https:\/\/qiyanghardware.com\/?post_type=product&#038;p=775"},"modified":"2025-12-29T08:45:47","modified_gmt":"2025-12-29T08:45:47","slug":"carburetor-with-a-copper-piston-qy-10301-1","status":"publish","type":"product","link":"https:\/\/qiyanghardware.com\/vi\/product\/carburetor-with-a-copper-piston-qy-10301-1\/","title":{"rendered":"B\u1ed9 ch\u1ebf h\u00f2a kh\u00ed v\u1edbi p\u00edt-t\u00f4ng b\u1eb1ng \u0111\u1ed3ng QY-10301.1"},"content":{"rendered":"<p>\u0110\u1ed9ng c\u01a1 t\u01b0\u01a1ng th\u00edch: 1E34F\/1E36F\/TU26\/260\/TL23<br \/>\n\u0110\u01b0\u1eddng k\u00ednh giao di\u1ec7n (mm): \u00d811<br \/>\nC\u00e1c th\u00f4ng s\u1ed1 kh\u00e1c: piston \u0111\u1ed3ng<\/p>","protected":false},"excerpt":{"rendered":"<p>B\u1ed9 ch\u1ebf h\u00f2a kh\u00ed n\u00e0y v\u1edbi m\u1ed9t piston \u0111\u1ed3ng ph\u00f9 h\u1ee3p v\u1edbi \u0111\u1ed9ng c\u01a1 TU26\/TL23, c\u00f3 th\u1ec3 \u0111\u01b0\u1ee3c s\u1eed d\u1ee5ng cho M\u00e1y c\u1eaft b\u00e0n ch\u1ea3i, M\u00e1y x\u00e9n c\u1ecf, M\u00e1y b\u01a1m n\u01b0\u1edbc, M\u00e1y phun \u0111i\u1ec7n, M\u00e1y h\u00fat b\u1ee5i s\u01b0\u01a1ng m\u00f9 Knapsack, M\u00e1y c\u1eaft c\u1ecf x\u0103ng.<\/p>","protected":false},"featured_media":776,"template":"","meta":[],"product_brand":[],"product_cat":[70,73,87],"product_tag":[],"class_list":{"0":"post-775","1":"product","2":"type-product","3":"status-publish","4":"has-post-thumbnail","6":"product_cat-carburetor","7":"product_cat-diaphragm-carburetor","8":"product_cat-o11-mpz11-series","10":"first","11":"instock","12":"shipping-taxable","13":"product-type-simple"},"_links":{"self":[{"href":"https:\/\/qiyanghardware.com\/vi\/wp-json\/wp\/v2\/product\/775","targetHints":{"allow":["GET"]}}],"collection":[{"href":"https:\/\/qiyanghardware.com\/vi\/wp-json\/wp\/v2\/product"}],"about":[{"href":"https:\/\/qiyanghardware.com\/vi\/wp-json\/wp\/v2\/types\/product"}],"wp:featuredmedia":[{"embeddable":true,"href":"https:\/\/qiyanghardware.com\/vi\/wp-json\/wp\/v2\/media\/776"}],"wp:attachment":[{"href":"https:\/\/qiyanghardware.com\/vi\/wp-json\/wp\/v2\/media?parent=775"}],"wp:term":[{"taxonomy":"product_brand","embeddable":true,"href":"https:\/\/qiyanghardware.com\/vi\/wp-json\/wp\/v2\/product_brand?post=775"},{"taxonomy":"product_cat","embeddable":true,"href":"https:\/\/qiyanghardware.com\/vi\/wp-json\/wp\/v2\/product_cat?post=775"},{"taxonomy":"product_tag","embeddable":true,"href":"https:\/\/qiyanghardware.com\/vi\/wp-json\/wp\/v2\/product_tag?post=775"}],"curies":[{"name":"wp","href":"https:\/\/api.w.org\/{rel}","templated":true}]}}