{"id":794,"date":"2025-10-21T01:33:30","date_gmt":"2025-10-21T01:33:30","guid":{"rendered":"https:\/\/qiyanghardware.com\/?post_type=product&#038;p=794"},"modified":"2025-12-29T08:46:00","modified_gmt":"2025-12-29T08:46:00","slug":"blower-carburetor-qy-10302","status":"publish","type":"product","link":"https:\/\/qiyanghardware.com\/vi\/product\/blower-carburetor-qy-10302\/","title":{"rendered":"B\u1ed9 ch\u1ebf h\u00f2a kh\u00ed qu\u1ea1t gi\u00f3 QY-10302"},"content":{"rendered":"<p>\u0110\u1ed9ng c\u01a1 ph\u00f9 h\u1ee3p: M\u00e1y th\u1ed5i 1E34FB\/EBV260<br \/>\n\u0110\u01b0\u1eddng k\u00ednh giao di\u1ec7n (mm): \u00d811<br \/>\nC\u00e1c th\u00f4ng s\u1ed1 kh\u00e1c\uff1a\u0110\u1ed1i v\u1edbi m\u00e1y th\u1ed5i<\/p>","protected":false},"excerpt":{"rendered":"<p>B\u1ed9 ch\u1ebf h\u00f2a kh\u00ed \u0111\u1ed9ng c\u01a1 34F\/EBV260 cho m\u00e1y th\u1ed5i<\/p>","protected":false},"featured_media":797,"template":"","meta":[],"product_brand":[],"product_cat":[70,73,75,87,71],"product_tag":[],"class_list":{"0":"post-794","1":"product","2":"type-product","3":"status-publish","4":"has-post-thumbnail","6":"product_cat-carburetor","7":"product_cat-diaphragm-carburetor","8":"product_cat-hair-dryer-snow-blower","9":"product_cat-o11-mpz11-series","10":"product_cat-special-carburetor","12":"first","13":"instock","14":"shipping-taxable","15":"product-type-simple"},"_links":{"self":[{"href":"https:\/\/qiyanghardware.com\/vi\/wp-json\/wp\/v2\/product\/794","targetHints":{"allow":["GET"]}}],"collection":[{"href":"https:\/\/qiyanghardware.com\/vi\/wp-json\/wp\/v2\/product"}],"about":[{"href":"https:\/\/qiyanghardware.com\/vi\/wp-json\/wp\/v2\/types\/product"}],"wp:featuredmedia":[{"embeddable":true,"href":"https:\/\/qiyanghardware.com\/vi\/wp-json\/wp\/v2\/media\/797"}],"wp:attachment":[{"href":"https:\/\/qiyanghardware.com\/vi\/wp-json\/wp\/v2\/media?parent=794"}],"wp:term":[{"taxonomy":"product_brand","embeddable":true,"href":"https:\/\/qiyanghardware.com\/vi\/wp-json\/wp\/v2\/product_brand?post=794"},{"taxonomy":"product_cat","embeddable":true,"href":"https:\/\/qiyanghardware.com\/vi\/wp-json\/wp\/v2\/product_cat?post=794"},{"taxonomy":"product_tag","embeddable":true,"href":"https:\/\/qiyanghardware.com\/vi\/wp-json\/wp\/v2\/product_tag?post=794"}],"curies":[{"name":"wp","href":"https:\/\/api.w.org\/{rel}","templated":true}]}}