{"id":910,"date":"2025-10-21T03:00:07","date_gmt":"2025-10-21T03:00:07","guid":{"rendered":"https:\/\/qiyanghardware.com\/?post_type=product&#038;p=910"},"modified":"2025-12-29T08:49:49","modified_gmt":"2025-12-29T08:49:49","slug":"carburetor-with-adjustment-screw-qy-10503","status":"publish","type":"product","link":"https:\/\/qiyanghardware.com\/vi\/product\/carburetor-with-adjustment-screw-qy-10503\/","title":{"rendered":"B\u1ed9 ch\u1ebf h\u00f2a kh\u00ed c\u00f3 v\u00edt \u0111i\u1ec1u ch\u1ec9nh QY-10503"},"content":{"rendered":"<p>Matched Engine:40F-E\/44F-E<br \/>\n\u0110\u01b0\u1eddng k\u00ednh giao di\u1ec7n (mm): \u00d815<br \/>\nC\u00e1c th\u00f4ng s\u1ed1 kh\u00e1c: Ch\u1ecbu \u0111\u01b0\u1ee3c nhi\u1ec7t \u0111\u1ed9 cao \u0111\u1ec3 h\u1ea1n ch\u1ebf ph\u00e1t th\u1ea3i<\/p>","protected":false},"excerpt":{"rendered":"<p>This carburetor is equipped with a special adjusting screw. When adjusting at high speed, our company&#8217;s dedicated tool must be used. It is suitable for 40-5\/44FE engine, can be used for Brush Cutters, Grass Trimmers, Water Pump, Power Sprayer, Knapsack Mist Duster, Petrol Lawn Mower, Earth Auger, Rotary Tiller.<\/p>","protected":false},"featured_media":916,"template":"","meta":[],"product_brand":[],"product_cat":[70,73,89],"product_tag":[],"class_list":{"0":"post-910","1":"product","2":"type-product","3":"status-publish","4":"has-post-thumbnail","6":"product_cat-carburetor","7":"product_cat-diaphragm-carburetor","8":"product_cat-o15-mpz15-series","10":"first","11":"instock","12":"shipping-taxable","13":"product-type-simple"},"_links":{"self":[{"href":"https:\/\/qiyanghardware.com\/vi\/wp-json\/wp\/v2\/product\/910","targetHints":{"allow":["GET"]}}],"collection":[{"href":"https:\/\/qiyanghardware.com\/vi\/wp-json\/wp\/v2\/product"}],"about":[{"href":"https:\/\/qiyanghardware.com\/vi\/wp-json\/wp\/v2\/types\/product"}],"wp:featuredmedia":[{"embeddable":true,"href":"https:\/\/qiyanghardware.com\/vi\/wp-json\/wp\/v2\/media\/916"}],"wp:attachment":[{"href":"https:\/\/qiyanghardware.com\/vi\/wp-json\/wp\/v2\/media?parent=910"}],"wp:term":[{"taxonomy":"product_brand","embeddable":true,"href":"https:\/\/qiyanghardware.com\/vi\/wp-json\/wp\/v2\/product_brand?post=910"},{"taxonomy":"product_cat","embeddable":true,"href":"https:\/\/qiyanghardware.com\/vi\/wp-json\/wp\/v2\/product_cat?post=910"},{"taxonomy":"product_tag","embeddable":true,"href":"https:\/\/qiyanghardware.com\/vi\/wp-json\/wp\/v2\/product_tag?post=910"}],"curies":[{"name":"wp","href":"https:\/\/api.w.org\/{rel}","templated":true}]}}