{"id":972,"date":"2025-10-21T09:24:50","date_gmt":"2025-10-21T09:24:50","guid":{"rendered":"https:\/\/qiyanghardware.com\/?post_type=product&#038;p=972"},"modified":"2025-12-29T08:50:39","modified_gmt":"2025-12-29T08:50:39","slug":"851-engines-carburetor-qy-10506","status":"publish","type":"product","link":"https:\/\/qiyanghardware.com\/vi\/product\/851-engines-carburetor-qy-10506\/","title":{"rendered":"B\u1ed9 ch\u1ebf h\u00f2a kh\u00ed \u0111\u1ed9ng c\u01a1 851 QY-10506"},"content":{"rendered":"<p>\u0110\u1ed9ng c\u01a1 ph\u00f9 h\u1ee3p:851<br \/>\n\u0110\u01b0\u1eddng k\u00ednh giao di\u1ec7n (mm): \u00d815<br \/>\nC\u00e1c th\u00f4ng s\u1ed1 kh\u00e1c: \u0110\u1ed1i v\u1edbi b\u01a1m tay ngo\u00e0i<\/p>","protected":false},"excerpt":{"rendered":"<p>B\u1ed9 ch\u1ebf h\u00f2a kh\u00ed n\u00e0y kh\u00f4ng c\u00f3 m\u1ed9t pump.It th\u1ee7 c\u00f4ng t\u00edch h\u1ee3p ph\u00f9 h\u1ee3p cho \u0111\u1ed9ng c\u01a1 b\u1ed1n th\u00ec c\u1ee7a m\u00f4 h\u00ecnh 851, c\u00f3 th\u1ec3 \u0111\u01b0\u1ee3c s\u1eed d\u1ee5ng cho Brush Cutters, Blower.<\/p>","protected":false},"featured_media":979,"template":"","meta":[],"product_brand":[],"product_cat":[70,73,89],"product_tag":[],"class_list":{"0":"post-972","1":"product","2":"type-product","3":"status-publish","4":"has-post-thumbnail","6":"product_cat-carburetor","7":"product_cat-diaphragm-carburetor","8":"product_cat-o15-mpz15-series","10":"first","11":"instock","12":"shipping-taxable","13":"product-type-simple"},"_links":{"self":[{"href":"https:\/\/qiyanghardware.com\/vi\/wp-json\/wp\/v2\/product\/972","targetHints":{"allow":["GET"]}}],"collection":[{"href":"https:\/\/qiyanghardware.com\/vi\/wp-json\/wp\/v2\/product"}],"about":[{"href":"https:\/\/qiyanghardware.com\/vi\/wp-json\/wp\/v2\/types\/product"}],"wp:featuredmedia":[{"embeddable":true,"href":"https:\/\/qiyanghardware.com\/vi\/wp-json\/wp\/v2\/media\/979"}],"wp:attachment":[{"href":"https:\/\/qiyanghardware.com\/vi\/wp-json\/wp\/v2\/media?parent=972"}],"wp:term":[{"taxonomy":"product_brand","embeddable":true,"href":"https:\/\/qiyanghardware.com\/vi\/wp-json\/wp\/v2\/product_brand?post=972"},{"taxonomy":"product_cat","embeddable":true,"href":"https:\/\/qiyanghardware.com\/vi\/wp-json\/wp\/v2\/product_cat?post=972"},{"taxonomy":"product_tag","embeddable":true,"href":"https:\/\/qiyanghardware.com\/vi\/wp-json\/wp\/v2\/product_tag?post=972"}],"curies":[{"name":"wp","href":"https:\/\/api.w.org\/{rel}","templated":true}]}}