{"id":996,"date":"2025-10-21T09:58:16","date_gmt":"2025-10-21T09:58:16","guid":{"rendered":"https:\/\/qiyanghardware.com\/?post_type=product&#038;p=996"},"modified":"2025-12-19T09:29:50","modified_gmt":"2025-12-19T09:29:50","slug":"atomizer-carburetor-qy-10508","status":"publish","type":"product","link":"https:\/\/qiyanghardware.com\/vi\/product\/atomizer-carburetor-qy-10508\/","title":{"rendered":"B\u1ed9 ch\u1ebf h\u00f2a kh\u00ed phun s\u01b0\u01a1ng QY-10508"},"content":{"rendered":"<h2><a href=\"https:\/\/qiyanghardware.com\/vi\/product\/atomizer-carburetor-qy-10508\/\">B\u1ed9 ch\u1ebf h\u00f2a kh\u00ed phun s\u01b0\u01a1ng<\/a> d\u00e0nh cho \u0111\u1ed9ng c\u01a1 m\u00e1y phun s\u01b0\u01a1ng \u2013 Hi\u1ec7u su\u1ea5t cao v\u00e0 hi\u1ec7u su\u1ea5t \u0111\u00e1ng tin c\u1eady<\/h2>\n<p data-start=\"193\" data-end=\"594\">C\u00e1c <strong data-start=\"197\" data-end=\"220\">B\u1ed9 ch\u1ebf h\u00f2a kh\u00ed phun s\u01b0\u01a1ng<\/strong> l\u00e0 b\u1ed9 ch\u1ebf h\u00f2a kh\u00ed cao c\u1ea5p \u0111\u01b0\u1ee3c thi\u1ebft k\u1ebf \u0111\u1eb7c bi\u1ec7t cho \u0111\u1ed9ng c\u01a1 m\u00e1y phun s\u01b0\u01a1ng, cung c\u1ea5p nhi\u00ean li\u1ec7u \u1ed5n \u0111\u1ecbnh v\u00e0 hi\u1ec7u qu\u1ea3 cho hi\u1ec7u su\u1ea5t \u0111\u1ed9ng c\u01a1 ph\u00f9 h\u1ee3p. l\u00fd t\u01b0\u1edfng cho m\u00e1y phun s\u01b0\u01a1ng n\u00f4ng nghi\u1ec7p, m\u00e1y phun s\u01b0\u01a1ng ki\u1ec3m so\u00e1t d\u1ecbch h\u1ea1i v\u00e0 thi\u1ebft b\u1ecb phun s\u01b0\u01a1ng ngo\u00e0i tr\u1eddi, b\u1ed9 ch\u1ebf h\u00f2a kh\u00ed n\u00e0y \u0111\u1ea3m b\u1ea3o ho\u1ea1t \u0111\u1ed9ng tr\u01a1n tru v\u00e0 c\u1ea3i thi\u1ec7n qu\u00e1 tr\u00ecnh \u0111\u1ed1t ch\u00e1y nhi\u00ean li\u1ec7u, gi\u00fap m\u00e1y phun s\u01b0\u01a1ng c\u1ee7a b\u1ea1n ch\u1ea1y \u1edf hi\u1ec7u su\u1ea5t cao nh\u1ea5t.<\/p>\n<h3 data-start=\"596\" data-end=\"648\">Giao di\u1ec7n ch\u00ednh x\u00e1c \u00d815 mm \u0111\u1ec3 c\u00e0i \u0111\u1eb7t d\u1ec5 d\u00e0ng<\/h3>\n<p data-start=\"650\" data-end=\"1018\">V\u1edbi \u0111\u01b0\u1eddng k\u00ednh giao di\u1ec7n \u00d815 mm, B\u1ed9 ch\u1ebf h\u00f2a kh\u00ed Atomizer n\u00e0y \u0111\u01b0\u1ee3c thi\u1ebft k\u1ebf \u0111\u1ec3 ph\u00f9 h\u1ee3p v\u1edbi \u0111\u1ed9ng c\u01a1 m\u00e1y phun s\u01b0\u01a1ng m\u1ed9t c\u00e1ch ho\u00e0n h\u1ea3o. ph\u00f9 h\u1ee3p ch\u00ednh x\u00e1c c\u1ee7a n\u00f3 \u0111\u1ea3m b\u1ea3o g\u1eafn ch\u1eb7t, gi\u1ea3m rung \u0111\u1ed9ng v\u00e0 cho ph\u00e9p c\u00e0i \u0111\u1eb7t nhanh ch\u00f3ng v\u00e0 kh\u00f4ng r\u1eafc r\u1ed1i. thi\u1ebft k\u1ebf c\u0169ng h\u1ed7 tr\u1ee3 kh\u1ea3 n\u0103ng t\u01b0\u01a1ng th\u00edch cao tr\u00ean m\u1ed9t lo\u1ea1t c\u00e1c m\u00f4 h\u00ecnh m\u00e1y phun s\u01b0\u01a1ng, l\u00e0m cho n\u00f3 tr\u1edf th\u00e0nh m\u1ed9t b\u1ed9 ph\u1eadn thay th\u1ebf ho\u1eb7c n\u00e2ng c\u1ea5p l\u00fd t\u01b0\u1edfng.<\/p>\n<h3 data-start=\"1020\" data-end=\"1064\">X\u00e2y d\u1ef1ng b\u1ec1n b\u1ec9 \u0111\u1ec3 s\u1eed d\u1ee5ng l\u00e2u d\u00e0i<\/h3>\n<p data-start=\"1066\" data-end=\"1469\">\u0110\u01b0\u1ee3c l\u00e0m t\u1eeb v\u1eadt li\u1ec7u ch\u1ea5t l\u01b0\u1ee3ng cao v\u1edbi quy tr\u00ecnh s\u1ea3n xu\u1ea5t ti\u00ean ti\u1ebfn, B\u1ed9 ch\u1ebf h\u00f2a kh\u00ed Atomizer ch\u1ecbu \u0111\u01b0\u1ee3c nhi\u1ec7t \u0111\u1ed9 cao v\u00e0 ho\u1ea1t \u0111\u1ed9ng li\u00ean t\u1ee5c.N\u00f3 duy tr\u00ec vi\u1ec7c cung c\u1ea5p nhi\u00ean li\u1ec7u nh\u1ea5t qu\u00e1n, gi\u1ea3m nguy c\u01a1 ch\u1ebft m\u00e1y \u0111\u1ed9ng c\u01a1 v\u00e0 c\u1ea3i thi\u1ec7n \u0111\u1ed9 tin c\u1eady trong c\u00e1c nhi\u1ec7m v\u1ee5 phun ngo\u00e0i tr\u1eddi k\u00e9o d\u00e0i. \u0111\u1ed9 b\u1ec1n n\u00e0y l\u00e0m cho n\u00f3 ph\u00f9 h\u1ee3p cho c\u00e1c \u1ee9ng d\u1ee5ng n\u1eb7ng trong n\u00f4ng nghi\u1ec7p, ki\u1ec3m so\u00e1t d\u1ecbch h\u1ea1i v\u00e0 c\u1ea3nh quan.<\/p>\n<h3 data-start=\"1471\" data-end=\"1518\">T\u1ed1i \u01b0u h\u00f3a cho Hi\u1ec7u su\u1ea5t M\u00e1y Fogging<\/h3>\n<p data-start=\"1520\" data-end=\"1909\">M\u1ed7i th\u00f4ng s\u1ed1 c\u1ee7a B\u1ed9 ch\u1ebf h\u00f2a kh\u00ed Atomizer n\u00e0y \u0111\u01b0\u1ee3c thi\u1ebft k\u1ebf ri\u00eang cho vi\u1ec7c s\u1eed d\u1ee5ng m\u00e1y phun s\u01b0\u01a1ng, \u0111\u1ea3m b\u1ea3o l\u01b0u l\u01b0\u1ee3ng nhi\u00ean li\u1ec7u t\u1ed1i \u01b0u v\u00e0 hi\u1ec7u su\u1ea5t \u0111\u1ed9ng c\u01a1 t\u1ed1i \u0111a.B\u1eb1ng c\u00e1ch c\u1ea3i thi\u1ec7n qu\u00e1 tr\u00ecnh \u0111\u1ed1t ch\u00e1y v\u00e0 gi\u1ea3m l\u00e3ng ph\u00ed nhi\u00ean li\u1ec7u, n\u00f3 t\u0103ng c\u01b0\u1eddng kh\u1ea3 n\u0103ng \u0111\u00e1p \u1ee9ng c\u1ee7a \u0111\u1ed9ng c\u01a1 v\u00e0 \u0111\u1ea3m b\u1ea3o \u0111\u1ea7u ra s\u01b0\u01a1ng m\u00f9 nh\u1ea5t qu\u00e1n.Cho d\u00f9 \u0111\u1ec3 l\u00e0m m\u1edd v\u01b0\u1eddn, ki\u1ec3m so\u00e1t mu\u1ed7i, ho\u1eb7c phun c\u00e2y tr\u1ed3ng, b\u1ed9 ch\u1ebf h\u00f2a kh\u00ed n\u00e0y t\u0103ng c\u01b0\u1eddng hi\u1ec7u su\u1ea5t v\u00e0 hi\u1ec7u qu\u1ea3 t\u1ed5ng th\u1ec3 c\u1ee7a m\u00e1y.<\/p>\n<h3 data-start=\"1911\" data-end=\"1930\">C\u00e1c t\u00ednh n\u0103ng ch\u00ednh:<\/h3>\n<ul data-start=\"1931\" data-end=\"2216\">\n<li data-start=\"1931\" data-end=\"1981\">\n<p data-start=\"1933\" data-end=\"1981\">\u0110\u01b0\u1ee3c thi\u1ebft k\u1ebf \u0111\u1eb7c bi\u1ec7t cho \u0111\u1ed9ng c\u01a1 m\u00e1y phun s\u01b0\u01a1ng<\/p>\n<\/li>\n<li data-start=\"1982\" data-end=\"2038\">\n<p data-start=\"1984\" data-end=\"2038\">Giao di\u1ec7n \u00d815 mm \u0111\u1ec3 c\u00e0i \u0111\u1eb7t ch\u00ednh x\u00e1c v\u00e0 an to\u00e0n<\/p>\n<\/li>\n<li data-start=\"2039\" data-end=\"2084\">\n<p data-start=\"2041\" data-end=\"2084\">\u0110\u1ed9 b\u1ec1n cao \u0111\u1ec3 s\u1eed d\u1ee5ng ngo\u00e0i tr\u1eddi l\u00e2u d\u00e0i<\/p>\n<\/li>\n<li data-start=\"2085\" data-end=\"2138\">\n<p data-start=\"2087\" data-end=\"2138\">T\u1ed1i \u01b0u h\u00f3a l\u01b0u l\u01b0\u1ee3ng nhi\u00ean li\u1ec7u cho hi\u1ec7u su\u1ea5t \u0111\u1ed9ng c\u01a1 t\u1ed1i \u0111a<\/p>\n<\/li>\n<li data-start=\"2139\" data-end=\"2216\">\n<p data-start=\"2141\" data-end=\"2216\">Th\u00edch h\u1ee3p cho m\u00e1y t\u1ea1o s\u01b0\u01a1ng m\u00f9 n\u00f4ng nghi\u1ec7p, c\u1ea3nh quan v\u00e0 ki\u1ec3m so\u00e1t d\u1ecbch h\u1ea1i<\/p>\n<\/li>\n<\/ul>\n<p data-start=\"2218\" data-end=\"2388\">N\u00e2ng c\u1ea5p m\u00e1y phun s\u01b0\u01a1ng c\u1ee7a b\u1ea1n ngay h\u00f4m nay v\u1edbi \u0111i\u1ec1u n\u00e0y \u0111\u00e1ng tin c\u1eady <strong data-start=\"2272\" data-end=\"2295\">B\u1ed9 ch\u1ebf h\u00f2a kh\u00ed phun s\u01b0\u01a1ng<\/strong> v\u00e0 tr\u1ea3i nghi\u1ec7m v\u1eadn h\u00e0nh m\u01b0\u1ee3t m\u00e0 h\u01a1n, c\u1ea3i thi\u1ec7n hi\u1ec7u qu\u1ea3 s\u1eed d\u1ee5ng nhi\u00ean li\u1ec7u v\u00e0 hi\u1ec7u su\u1ea5t l\u00e2u d\u00e0i.<\/p>","protected":false},"excerpt":{"rendered":"<p data-start=\"2218\" data-end=\"2388\">\u0110\u00e2y l\u00e0 b\u1ed9 ch\u1ebf h\u00f2a kh\u00ed \u0111\u01b0\u1ee3c thi\u1ebft k\u1ebf \u0111\u1eb7c bi\u1ec7t cho \u0111\u1ed9ng c\u01a1 m\u00e1y phun s\u01b0\u01a1ng<\/p>","protected":false},"featured_media":998,"template":"","meta":[],"product_brand":[],"product_cat":[77,70,73,89,71],"product_tag":[],"class_list":{"0":"post-996","1":"product","2":"type-product","3":"status-publish","4":"has-post-thumbnail","6":"product_cat-atomizer","7":"product_cat-carburetor","8":"product_cat-diaphragm-carburetor","9":"product_cat-o15-mpz15-series","10":"product_cat-special-carburetor","12":"first","13":"instock","14":"shipping-taxable","15":"product-type-simple"},"_links":{"self":[{"href":"https:\/\/qiyanghardware.com\/vi\/wp-json\/wp\/v2\/product\/996","targetHints":{"allow":["GET"]}}],"collection":[{"href":"https:\/\/qiyanghardware.com\/vi\/wp-json\/wp\/v2\/product"}],"about":[{"href":"https:\/\/qiyanghardware.com\/vi\/wp-json\/wp\/v2\/types\/product"}],"wp:featuredmedia":[{"embeddable":true,"href":"https:\/\/qiyanghardware.com\/vi\/wp-json\/wp\/v2\/media\/998"}],"wp:attachment":[{"href":"https:\/\/qiyanghardware.com\/vi\/wp-json\/wp\/v2\/media?parent=996"}],"wp:term":[{"taxonomy":"product_brand","embeddable":true,"href":"https:\/\/qiyanghardware.com\/vi\/wp-json\/wp\/v2\/product_brand?post=996"},{"taxonomy":"product_cat","embeddable":true,"href":"https:\/\/qiyanghardware.com\/vi\/wp-json\/wp\/v2\/product_cat?post=996"},{"taxonomy":"product_tag","embeddable":true,"href":"https:\/\/qiyanghardware.com\/vi\/wp-json\/wp\/v2\/product_tag?post=996"}],"curies":[{"name":"wp","href":"https:\/\/api.w.org\/{rel}","templated":true}]}}